{"id":10042,"date":"2019-02-01T14:02:19","date_gmt":"2019-02-01T13:02:19","guid":{"rendered":"http:\/\/hausen-aulatal.de\/?page_id=10042"},"modified":"2025-02-08T22:01:04","modified_gmt":"2025-02-08T21:01:04","slug":"anmietung-dgh-hausen","status":"publish","type":"page","link":"https:\/\/hausen-aulatal.de\/?page_id=10042","title":{"rendered":"Anmietung"},"content":{"rendered":"<h1 style=\"text-align: center;\"><a href=\"https:\/\/hausen-aulatal.de\/?attachment_id=26316\"><strong>Belegungskalender<\/strong><\/a><\/h1>\n<p><strong>Anfragen zur Anmietung<\/strong> k\u00f6nnen bei:<\/p>\n<p>Erwin Albert unter 06628\/919066 oder 015233762397 und<\/p>\n<p>J\u00f6rg Albert unter 06628\/8209 oder 0178\/4812181<\/p>\n<p>telefonisch oder per WhatsApp gemacht werden.<\/p>\n<p>Ebenfalls kann eine Anfrage per E-Mail unter DGH-Hausen@t-online.de oder \u00fcber das Kontaktformular auf dieser Homepage gemacht werden.<\/p>\n<p><strong>Ansprechpartner vor Ort<\/strong> ist Gabi Albert, Tel.: 06628\/919066 (\u00dcbergaben von Inventar und Schl\u00fcssel)<\/p>\n<p><strong>Preise:<\/strong> je Veranstaltungstag f\u00fcr einen Raum:\u00a0\u00a0\u00a0\u00a0\u00a0\u00a0\u00a0\u00a0\u00a0\u00a0\u00a0\u00a0\u00a0\u00a0\u00a0\u00a0\u00a0\u00a0 65,00 \u20ac<\/p>\n<p>Zuschlag f\u00fcr 2. Raum:\u00a0\u00a0\u00a0\u00a0\u00a0\u00a0\u00a0\u00a0\u00a0\u00a0\u00a0\u00a0\u00a0\u00a0\u00a0\u00a0\u00a0\u00a0\u00a0\u00a0\u00a0\u00a0\u00a0\u00a0\u00a0\u00a0\u00a0\u00a0\u00a0\u00a0\u00a0\u00a0\u00a0\u00a0\u00a0\u00a0\u00a0\u00a0 \u00a0 \u00a0 \u00a0 \u00a0 \u00a0 \u00a0 \u00a0\u00a0\u00a0\u00a0\u00a0\u00a0\u00a0 25,00 \u20ac<\/p>\n<p>Zuz\u00fcglich Strom, Wasser, Abwasser, Heizung, Personal, (besch\u00e4digte Gegenst\u00e4nde, Reinigungskosten)<\/p>\n<p>Die M\u00fcllentsorgung kann gegen eine Geb\u00fchr von \u20ac 5,- pro M\u00fcllsack vom Verein gemacht werden. Bitte vor der Veranstaltung sagen und die M\u00fclls\u00e4cke entgegennehmen.<\/p>\n<p>Das Einr\u00e4umen ist am (ersten) Veranstaltungstag ab 13:00 Uhr m\u00f6glich, die \u00dcbergabe erfolgt am n\u00e4chsten Tag nach dem letzten Veranstaltungstag bis 13:00 Uhr, oder nach Absprache.<\/p>\n<p><strong>Endreinigung durch den Benutzer oder pauscha<\/strong>l <strong>an Vermieter f\u00fcr<\/strong> <b>30,00 Euro\/Stunde<\/b>!<\/p>\n<p><strong>Nutzung und Kosten f\u00fcr Vereine welches Mitglied im &#8222;F\u00f6rderverein DGH Hausen&#8220; sind nach Absprache! Abh\u00e4ngig von: Versammlungen, nicht\u00f6ffentliche Vergn\u00fcgungsveranstaltungen (Vereinsinterne Feiern), \u00f6ffentliche Veranstaltungen mit Verkauf<br \/>\n<\/strong><\/p>\n<p><strong>Anschrift F\u00f6rderverein:<\/strong><\/p>\n<p>F\u00f6rderverein DGH Hausen, Erwin Albert, An der Ziegelh\u00fctte 2, 36280 Oberaula-Hausen<\/p>\n<p><strong>Anschrift Karl-Dippoldsmann-Haus (DGH Hausen):<\/strong><\/p>\n<p>Rimbergstr. 4, 36280 Oberaula-Hausen<\/p>\n<p><strong>Der Parkplatz f\u00fcr das DGH Hausen befindet sich: <\/strong>Im Eck, 36280 Oberaula-Hausen<\/p>\n<p>&nbsp;<\/p>\n","protected":false},"excerpt":{"rendered":"<p>Belegungskalender Anfragen zur Anmietung k\u00f6nnen bei: Erwin Albert unter 06628\/919066 oder 015233762397 und J\u00f6rg Albert unter 06628\/8209 oder 0178\/4812181 telefonisch oder per WhatsApp gemacht werden. Ebenfalls kann eine Anfrage per [&hellip;]<\/p>\n","protected":false},"author":2,"featured_media":0,"parent":0,"menu_order":0,"comment_status":"open","ping_status":"closed","template":"","meta":{"_price":"","_stock":"","_tribe_ticket_header":"","_tribe_default_ticket_provider":"","_tribe_ticket_capacity":"0","_ticket_start_date":"","_ticket_end_date":"","_tribe_ticket_show_description":"","_tribe_ticket_show_not_going":false,"_tribe_ticket_use_global_stock":"","_tribe_ticket_global_stock_level":"","_global_stock_mode":"","_global_stock_cap":"","_tribe_rsvp_for_event":"","_tribe_ticket_going_count":"","_tribe_ticket_not_going_count":"","_tribe_tickets_list":"[]","_tribe_ticket_has_attendee_info_fields":false,"footnotes":"","_tec_slr_enabled":"","_tec_slr_layout":""},"ticketed":false,"_links":{"self":[{"href":"https:\/\/hausen-aulatal.de\/index.php?rest_route=\/wp\/v2\/pages\/10042"}],"collection":[{"href":"https:\/\/hausen-aulatal.de\/index.php?rest_route=\/wp\/v2\/pages"}],"about":[{"href":"https:\/\/hausen-aulatal.de\/index.php?rest_route=\/wp\/v2\/types\/page"}],"author":[{"embeddable":true,"href":"https:\/\/hausen-aulatal.de\/index.php?rest_route=\/wp\/v2\/users\/2"}],"replies":[{"embeddable":true,"href":"https:\/\/hausen-aulatal.de\/index.php?rest_route=%2Fwp%2Fv2%2Fcomments&post=10042"}],"version-history":[{"count":23,"href":"https:\/\/hausen-aulatal.de\/index.php?rest_route=\/wp\/v2\/pages\/10042\/revisions"}],"predecessor-version":[{"id":26318,"href":"https:\/\/hausen-aulatal.de\/index.php?rest_route=\/wp\/v2\/pages\/10042\/revisions\/26318"}],"wp:attachment":[{"href":"https:\/\/hausen-aulatal.de\/index.php?rest_route=%2Fwp%2Fv2%2Fmedia&parent=10042"}],"curies":[{"name":"wp","href":"https:\/\/api.w.org\/{rel}","templated":true}]}}