{"id":2030,"date":"2014-04-22T20:56:58","date_gmt":"2014-04-22T18:56:58","guid":{"rendered":"http:\/\/hausen-aulatal.de\/?page_id=2030"},"modified":"2014-05-09T17:53:15","modified_gmt":"2014-05-09T15:53:15","slug":"jagdgenossenschaft-hausen","status":"publish","type":"page","link":"https:\/\/hausen-aulatal.de\/?page_id=2030","title":{"rendered":"Jagdgenossenschaft Hausen"},"content":{"rendered":"<div>\n<h1 style=\"text-align: center;\"><a title=\"Jagdgenossenschaft Hausen\" href=\"https:\/\/hausen-aulatal.de\/?page_id=2030\"><img loading=\"lazy\" decoding=\"async\" class=\"wp-image-2028 aligncenter\" alt=\"Jagdgenossenschaft\" src=\"https:\/\/hausen-aulatal.de\/wp-content\/uploads\/2014\/04\/logo_jagdgenossen.jpg\" width=\"199\" height=\"210\" \/><\/a><\/h1>\n<h1>Kn\u00fcllbote<\/h1>\n<p>Sie sehen die Ausgabe KW 19\/14<\/p>\n<h1 class=\"heading-1\">Jagdgenossenschaft Hausen<\/h1>\n<div class=\"artikeltext\">\n<p class=\"bodytext\"><strong><\/strong>F\u00fcr alle Jagdgenossen des gemeinsamen Jagdbezirkes Hausen, liegt das Protokoll der Jagdversammlung vom 17.04.2014, nach telefonischer Anmeldung unter Telefonnummer 06628-432, in der Zeit vom 05. &#8211; 10.Mai 2014 zur Einsichtnahme bei dem Vorsitzenden aus.<br \/>\n<strong><\/strong>Die Jagdgenossenschaft Hausen beabsichtigt am 27.06.14 eine Flurbegehung mit anschlie\u00dfendem Imbiss durchzuf\u00fchren. Termin bitte vormerken.<br \/>\n<strong><\/strong><em> Der Vorstand<\/em><br \/>\n<strong><\/strong><em>gez. H. Schneider<\/em><\/p>\n<p class=\"bodytext\">\n<\/div>\n<p>Alle Jagdgenossen der Jagdgenossenschaft Hausen werden gem\u00e4\u00df Satzung zur Jagdgenossenschaftsversammlung f\u00fcr<\/p>\n<p><strong>Gr\u00fcndonnerstag, den 17.April, um 20.00 Uhr<\/strong><br \/>\nin das Gasthaus \u201cZum Schwanen\u201d in Hausen (Fam. Nuhn) mit nachstehender <strong>Tagesordnung <\/strong>eingeladen:<br \/>\n1. Er\u00f6ffnung und Begr\u00fc\u00dfung<br \/>\n2. Feststellung der Beschlussf\u00e4higkeit<br \/>\n3. Jahresbericht<br \/>\n4. Kassenbericht Bericht der Kassenpr\u00fcfung u. Entlastung f\u00fcr das Kalenderjahr 2013.<br \/>\n5. Verwendung des Jagdpachtertrages.<br \/>\n6. Verschiedenes<br \/>\nGrundst\u00fcckseigent\u00fcmer die einen Vertreter beauftragen, k\u00f6nnen bei dem Vorstand Vordrucke zur Erteilung einer Vollmacht erhalten. Um p\u00fcnktliches und vollz\u00e4hliges Erscheinen der Jagdgenossen oder ihrer Vertreter wird gebeten.<br \/>\n<em>Der Vorstand<\/em><br \/>\n<em>gez. H. Schneider<\/em><\/p>\n<p>&nbsp;<\/p>\n<p><a href=\"https:\/\/hausen-aulatal.de\/?page_id=33\">Zur\u00fcck zur Vereins\u00fcbersicht<\/a><\/p>\n<\/div>\n","protected":false},"excerpt":{"rendered":"<p>Kn\u00fcllbote Sie sehen die Ausgabe KW 19\/14 Jagdgenossenschaft Hausen F\u00fcr alle Jagdgenossen des gemeinsamen Jagdbezirkes Hausen, liegt das Protokoll der Jagdversammlung vom 17.04.2014, nach telefonischer Anmeldung unter Telefonnummer 06628-432, in [&hellip;]<\/p>\n","protected":false},"author":3,"featured_media":0,"parent":33,"menu_order":0,"comment_status":"closed","ping_status":"closed","template":"","meta":{"_price":"","_stock":"","_tribe_ticket_header":"","_tribe_default_ticket_provider":"","_tribe_ticket_capacity":"0","_ticket_start_date":"","_ticket_end_date":"","_tribe_ticket_show_description":"","_tribe_ticket_show_not_going":false,"_tribe_ticket_use_global_stock":"","_tribe_ticket_global_stock_level":"","_global_stock_mode":"","_global_stock_cap":"","_tribe_rsvp_for_event":"","_tribe_ticket_going_count":"","_tribe_ticket_not_going_count":"","_tribe_tickets_list":"[]","_tribe_ticket_has_attendee_info_fields":false,"footnotes":"","_tec_slr_enabled":"","_tec_slr_layout":""},"ticketed":false,"_links":{"self":[{"href":"https:\/\/hausen-aulatal.de\/index.php?rest_route=\/wp\/v2\/pages\/2030"}],"collection":[{"href":"https:\/\/hausen-aulatal.de\/index.php?rest_route=\/wp\/v2\/pages"}],"about":[{"href":"https:\/\/hausen-aulatal.de\/index.php?rest_route=\/wp\/v2\/types\/page"}],"author":[{"embeddable":true,"href":"https:\/\/hausen-aulatal.de\/index.php?rest_route=\/wp\/v2\/users\/3"}],"replies":[{"embeddable":true,"href":"https:\/\/hausen-aulatal.de\/index.php?rest_route=%2Fwp%2Fv2%2Fcomments&post=2030"}],"version-history":[{"count":13,"href":"https:\/\/hausen-aulatal.de\/index.php?rest_route=\/wp\/v2\/pages\/2030\/revisions"}],"predecessor-version":[{"id":2183,"href":"https:\/\/hausen-aulatal.de\/index.php?rest_route=\/wp\/v2\/pages\/2030\/revisions\/2183"}],"up":[{"embeddable":true,"href":"https:\/\/hausen-aulatal.de\/index.php?rest_route=\/wp\/v2\/pages\/33"}],"wp:attachment":[{"href":"https:\/\/hausen-aulatal.de\/index.php?rest_route=%2Fwp%2Fv2%2Fmedia&parent=2030"}],"curies":[{"name":"wp","href":"https:\/\/api.w.org\/{rel}","templated":true}]}}