{"id":2096,"date":"2014-04-26T22:46:00","date_gmt":"2014-04-26T20:46:00","guid":{"rendered":"http:\/\/hausen-aulatal.de\/?page_id=2096"},"modified":"2023-07-13T15:40:30","modified_gmt":"2023-07-13T13:40:30","slug":"freiwillige-feuerwehr-hausen","status":"publish","type":"page","link":"https:\/\/hausen-aulatal.de\/?page_id=2096","title":{"rendered":"Freiwillige Feuerwehr Hausen"},"content":{"rendered":"<p><a href=\"https:\/\/hausen-aulatal.de\/wp-content\/uploads\/2023\/06\/FFW-Hausen1.png\"><img loading=\"lazy\" decoding=\"async\" class=\"alignnone size-full wp-image-21583\" src=\"https:\/\/hausen-aulatal.de\/wp-content\/uploads\/2023\/06\/FFW-Hausen1.png\" alt=\"\" width=\"1252\" height=\"1413\" srcset=\"https:\/\/hausen-aulatal.de\/wp-content\/uploads\/2023\/06\/FFW-Hausen1.png 1252w, https:\/\/hausen-aulatal.de\/wp-content\/uploads\/2023\/06\/FFW-Hausen1-266x300.png 266w, https:\/\/hausen-aulatal.de\/wp-content\/uploads\/2023\/06\/FFW-Hausen1-907x1024.png 907w, https:\/\/hausen-aulatal.de\/wp-content\/uploads\/2023\/06\/FFW-Hausen1-768x867.png 768w\" sizes=\"(max-width: 1252px) 100vw, 1252px\" \/><\/a><a href=\"https:\/\/hausen-aulatal.de\/wp-content\/uploads\/2023\/06\/FFW-Hausen2.png\"><img loading=\"lazy\" decoding=\"async\" class=\"alignnone size-full wp-image-21582\" src=\"https:\/\/hausen-aulatal.de\/wp-content\/uploads\/2023\/06\/FFW-Hausen2.png\" alt=\"\" width=\"1252\" height=\"931\" srcset=\"https:\/\/hausen-aulatal.de\/wp-content\/uploads\/2023\/06\/FFW-Hausen2.png 1252w, https:\/\/hausen-aulatal.de\/wp-content\/uploads\/2023\/06\/FFW-Hausen2-300x223.png 300w, https:\/\/hausen-aulatal.de\/wp-content\/uploads\/2023\/06\/FFW-Hausen2-1024x761.png 1024w, https:\/\/hausen-aulatal.de\/wp-content\/uploads\/2023\/06\/FFW-Hausen2-768x571.png 768w\" sizes=\"(max-width: 1252px) 100vw, 1252px\" \/><\/a><\/p>\n<h6 style=\"text-align: right;\"><strong>Stand: 30.06.2023<\/strong><\/h6>\n<h3><span style=\"text-decoration: underline;\"><strong>Die Oberaulaer Feuerwehr auf Facebook und Instagram<\/strong><\/span><\/h3>\n<p style=\"text-align: left;\"><a href=\"http:\/\/www.facebook.com\/profile.php?id=100080630133264\"><img loading=\"lazy\" decoding=\"async\" class=\"size-full wp-image-21669 alignleft\" src=\"https:\/\/hausen-aulatal.de\/wp-content\/uploads\/2023\/07\/Logo-Facebook.png\" alt=\"\" width=\"91\" height=\"91\"\/><\/a><\/p>\n<p>&nbsp;<\/p>\n<h4><a href=\"http:\/\/www.facebook.com\/profile.php?id=100080630133264\"><strong>Facebook&nbsp;&nbsp;<\/strong> <\/a><\/h4>\n<p>&nbsp;<\/p>\n<h4><a href=\"https:\/\/www.instagram.com\/feuerwehroberaula\"><img loading=\"lazy\" decoding=\"async\" class=\"alignnone size-full wp-image-21670\" src=\"https:\/\/hausen-aulatal.de\/wp-content\/uploads\/2023\/07\/Logo-Instagram.png\" alt=\"\" width=\"90\" height=\"91\"\/><\/a> &nbsp;<a href=\"https:\/\/www.instagram.com\/feuerwehroberaula\">&nbsp;<strong> Instagram<\/strong><\/a><\/h4>\n<hr \/>\n<p>&nbsp;<\/p>\n<p style=\"text-align: center;\"><img loading=\"lazy\" decoding=\"async\" class=\"size-full wp-image-2095 aligncenter\" src=\"https:\/\/hausen-aulatal.de\/wp-content\/uploads\/2014\/04\/logo_ffw.jpg\" alt=\"FFW\" width=\"200\" height=\"209\"\/><\/p>\n<p><a href=\"https:\/\/hausen-aulatal.de\/?attachment_id=10815\" rel=\"attachment wp-att-10815\"><img loading=\"lazy\" decoding=\"async\" class=\"aligncenter size-large wp-image-10815\" src=\"https:\/\/hausen-aulatal.de\/wp-content\/uploads\/2019\/06\/WeF\u00fc-Hausen20190602-1024x768.jpg\" alt=\"\" width=\"720\" height=\"540\" srcset=\"https:\/\/hausen-aulatal.de\/wp-content\/uploads\/2019\/06\/WeF\u00fc-Hausen20190602-1024x768.jpg 1024w, https:\/\/hausen-aulatal.de\/wp-content\/uploads\/2019\/06\/WeF\u00fc-Hausen20190602-300x225.jpg 300w, https:\/\/hausen-aulatal.de\/wp-content\/uploads\/2019\/06\/WeF\u00fc-Hausen20190602-768x576.jpg 768w, https:\/\/hausen-aulatal.de\/wp-content\/uploads\/2019\/06\/WeF\u00fc-Hausen20190602.jpg 1600w\" sizes=\"(max-width: 720px) 100vw, 720px\" \/><\/a><a href=\"https:\/\/hausen-aulatal.de\/?attachment_id=10714\" rel=\"attachment wp-att-10714\"><img loading=\"lazy\" decoding=\"async\" class=\"aligncenter size-full wp-image-10714\" src=\"https:\/\/hausen-aulatal.de\/wp-content\/uploads\/2019\/05\/Fusion_Ibra-Hausen20190510HNA.png\" alt=\"\" width=\"798\" height=\"879\" srcset=\"https:\/\/hausen-aulatal.de\/wp-content\/uploads\/2019\/05\/Fusion_Ibra-Hausen20190510HNA.png 798w, https:\/\/hausen-aulatal.de\/wp-content\/uploads\/2019\/05\/Fusion_Ibra-Hausen20190510HNA-272x300.png 272w\" sizes=\"(max-width: 798px) 100vw, 798px\" \/><\/a><\/p>\n<p>&nbsp;<\/p>\n<p>&nbsp;<\/p>\n<p>Solange es fest besiedelte, bewohnte Gegenden gibt, existiert auch schon ein organisierter Brandschutz. Zun\u00e4chst bestand er vor allem in nachbarschaftlicher L\u00f6schhilfe, die sp\u00e4ter in den F\u00fcrstent\u00fcmern und Reichsfreien St\u00e4dten durch die Pflichtfeuerwehren abgel\u00f6st &nbsp;wurde. Schlie\u00dflich wurden ab Ende des 18.\/ Anfang des 19. Jahrhunderts fl\u00e4chendeckend die Freiwilligen Feuerwehren eingef\u00fchrt.<\/p>\n<p>Waren die ersten Feuerwehrm\u00e4nner haupts\u00e4chlich fest niedergelassene Gewerbetreibende, so zieht sich heute der Personenkreis unserer Brandsch\u00fctzer quer durch unsere Gesellschaft. Auch Frauen stehen heute ihren Feuerwehrmann und begeben sich freiwillig an den Brandherd.<\/p>\n<p>1937 ist das Gr\u00fcndungsjahr unserer Freiwilligen Feuerwehr in der damals noch eigenst\u00e4ndigen Gemeinde Hausen. In den Kriegsjahren gab es, &nbsp;wie \u00fcberall in Deutschland,&nbsp; eine Pflichtfeuerwehr (Feuerschutzpolizei). Nach Kriegsende konnte, nachdem die Alliierten die Bildung von Vereinen wieder erlaubt hatten, die Freiwillige Feuerwehr Hausen nahtlos ihre Aufgaben fortsetzen.<\/p>\n<p>\u00dcbergabe der ersten Tragkraftspritze 1954 mit der Einsatzabteilung und mit Ortsbrandmeister Paul Plichta!<\/p>\n<p>Immer mehr Aufgaben, die \u00fcber den urspr\u00fcnglichen Brandschutz weit hinausgehen, erfordern eine st\u00e4ndige Anpassung und Weiterentwicklung der Feuerwehr. Modernere Ger\u00e4te und ein gr\u00f6\u00dferes Feuerwehrhaus (fr\u00fcher \u201eSpritzenhaus\u201c) kamen hinzu.<\/p>\n<p>Neben vielen anderen flei\u00dfigen Helfern und F\u00fchrungskr\u00e4ften wird in Hausen immer wieder im Zusammenhang mit der Feuerwehr ein Name genannt: Karl-Heinz Roth!<\/p>\n<p>Er brachte als Ortsbrandmeister den Brandschutz in den 60er, 70er und 80er Jahren mit gro\u00dfen Schritten nach vorne.<\/p>\n<p>Das neue Feuerwehr-haus, seine&nbsp; sp\u00e4tere Erweiterung, ein neues und erstes Tragkraftspritzenfahrzeug und 1971 die Gr\u00fcndung der<\/p>\n<p><b>Jugendabteilung Hausen 2005<\/b><\/p>\n<p>Jugendfeuerwehr Hausen (sie war die erste innerhalb der sp\u00e4ter zusammengeschlossenen Gro\u00dfgemeinde) sind ihm zum gr\u00f6\u00dften Teil zu danken. Hierauf aufbauend und durch die Unterst\u00fctzung der B\u00fcrgerinnen und B\u00fcrger in unserem Hausen k\u00f6nnen wir auch heute auf eine starke und sich weiterentwickelnde Feuerwehr vertrauen und bauen.<\/p>\n<p>Die heutige Freiwillige Feuerwehr Hausen wird getragen von:<\/p>\n<p>Einer starken d\u00f6rflichen Gemeinschaft<\/p>\n<p>Einem starken Feuerwehrverein<\/p>\n<p>Ihrer Einsatzabteilung<\/p>\n<p>Ihrer Jugendabteilung<\/p>\n<p>Ihrer Alters- und Ehrenabteilung<\/p>\n<p>Wir hoffen, dass wir&nbsp; unseren Aufgaben in der Gro\u00dfgemeinde Oberaula immer gerecht werden, den Menschen bestm\u00f6glich helfen und unser Hab und Gut sch\u00fctzen k\u00f6nnen.<\/p>\n<p>Ihre Freiwillige Feuerwehr Hausen<\/p>\n<p>&nbsp;<\/p>\n<p><a href=\"https:\/\/hausen-aulatal.de\/?page_id=33\">Zur\u00fcck zur Vereins\u00fcbersicht<\/a><\/p>\n<p>&nbsp;<\/p>\n<p style=\"text-align: center;\">&nbsp;<\/p>\n","protected":false},"excerpt":{"rendered":"<p>Stand: 30.06.2023 Die Oberaulaer Feuerwehr auf Facebook und Instagram &nbsp; Facebook&nbsp;&nbsp; &nbsp; &nbsp;&nbsp; Instagram &nbsp; &nbsp; &nbsp; Solange es fest besiedelte, bewohnte Gegenden gibt, existiert auch schon ein organisierter Brandschutz. [&hellip;]<\/p>\n","protected":false},"author":3,"featured_media":0,"parent":33,"menu_order":0,"comment_status":"closed","ping_status":"closed","template":"","meta":{"_price":"","_stock":"","_tribe_ticket_header":"","_tribe_default_ticket_provider":"","_tribe_ticket_capacity":"0","_ticket_start_date":"","_ticket_end_date":"","_tribe_ticket_show_description":"","_tribe_ticket_show_not_going":false,"_tribe_ticket_use_global_stock":"","_tribe_ticket_global_stock_level":"","_global_stock_mode":"","_global_stock_cap":"","_tribe_rsvp_for_event":"","_tribe_ticket_going_count":"","_tribe_ticket_not_going_count":"","_tribe_tickets_list":"[]","_tribe_ticket_has_attendee_info_fields":false,"footnotes":"","_tec_slr_enabled":"","_tec_slr_layout":""},"ticketed":false,"_links":{"self":[{"href":"https:\/\/hausen-aulatal.de\/index.php?rest_route=\/wp\/v2\/pages\/2096"}],"collection":[{"href":"https:\/\/hausen-aulatal.de\/index.php?rest_route=\/wp\/v2\/pages"}],"about":[{"href":"https:\/\/hausen-aulatal.de\/index.php?rest_route=\/wp\/v2\/types\/page"}],"author":[{"embeddable":true,"href":"https:\/\/hausen-aulatal.de\/index.php?rest_route=\/wp\/v2\/users\/3"}],"replies":[{"embeddable":true,"href":"https:\/\/hausen-aulatal.de\/index.php?rest_route=%2Fwp%2Fv2%2Fcomments&post=2096"}],"version-history":[{"count":13,"href":"https:\/\/hausen-aulatal.de\/index.php?rest_route=\/wp\/v2\/pages\/2096\/revisions"}],"predecessor-version":[{"id":21673,"href":"https:\/\/hausen-aulatal.de\/index.php?rest_route=\/wp\/v2\/pages\/2096\/revisions\/21673"}],"up":[{"embeddable":true,"href":"https:\/\/hausen-aulatal.de\/index.php?rest_route=\/wp\/v2\/pages\/33"}],"wp:attachment":[{"href":"https:\/\/hausen-aulatal.de\/index.php?rest_route=%2Fwp%2Fv2%2Fmedia&parent=2096"}],"curies":[{"name":"wp","href":"https:\/\/api.w.org\/{rel}","templated":true}]}}