{"id":22035,"date":"2023-09-02T09:32:36","date_gmt":"2023-09-02T07:32:36","guid":{"rendered":"http:\/\/hausen-aulatal.de\/?page_id=22035"},"modified":"2023-09-02T09:56:19","modified_gmt":"2023-09-02T07:56:19","slug":"mobile-buehne","status":"publish","type":"page","link":"https:\/\/hausen-aulatal.de\/?page_id=22035","title":{"rendered":"Mobile B\u00fchne"},"content":{"rendered":"<p>Die mobile B\u00fche (ohne Zelt) kann an Vereinsmitglieder verliehen werden.<\/p>\n<p>&nbsp;<\/p>\n<p><a href=\"https:\/\/hausen-aulatal.de\/wp-content\/uploads\/2023\/09\/Mobile-Buehne.jpg\"><img loading=\"lazy\" decoding=\"async\" class=\"aligncenter size-large wp-image-22040\" src=\"https:\/\/hausen-aulatal.de\/wp-content\/uploads\/2023\/09\/Mobile-Buehne-1024x630.jpg\" alt=\"\" width=\"720\" height=\"443\" srcset=\"https:\/\/hausen-aulatal.de\/wp-content\/uploads\/2023\/09\/Mobile-Buehne-1024x630.jpg 1024w, https:\/\/hausen-aulatal.de\/wp-content\/uploads\/2023\/09\/Mobile-Buehne-300x185.jpg 300w, https:\/\/hausen-aulatal.de\/wp-content\/uploads\/2023\/09\/Mobile-Buehne-768x473.jpg 768w, https:\/\/hausen-aulatal.de\/wp-content\/uploads\/2023\/09\/Mobile-Buehne-1536x946.jpg 1536w, https:\/\/hausen-aulatal.de\/wp-content\/uploads\/2023\/09\/Mobile-Buehne.jpg 1782w\" sizes=\"(max-width: 720px) 100vw, 720px\" \/><\/a><a href=\"https:\/\/hausen-aulatal.de\/wp-content\/uploads\/2023\/09\/Aufbaumoeglichkeiten.png\"><img loading=\"lazy\" decoding=\"async\" class=\"aligncenter size-full wp-image-22041\" src=\"https:\/\/hausen-aulatal.de\/wp-content\/uploads\/2023\/09\/Aufbaumoeglichkeiten.png\" alt=\"\" width=\"526\" height=\"699\" srcset=\"https:\/\/hausen-aulatal.de\/wp-content\/uploads\/2023\/09\/Aufbaumoeglichkeiten.png 526w, https:\/\/hausen-aulatal.de\/wp-content\/uploads\/2023\/09\/Aufbaumoeglichkeiten-226x300.png 226w\" sizes=\"(max-width: 526px) 100vw, 526px\" \/><\/a><\/p>\n<p>Preis f\u00fcr 3 Tage (Abholung\/Nutzung\/R\u00fcckgabe) betr\u00e4gt \u20ac 150,-, jeder weitere Tag \u20ac 30,- (an dem dierB\u00fchne \u201eaktiv\u201c genutzt wird).<\/p>\n<p>Die Betr\u00e4ge sind bei Abholung in Bar zu zahlen. Der Lagerort ist das Dorfgemeinschaftshaus Hausen. Verantwortlich f\u00fcr die Entleihung ist J\u00f6rg Albert (Tel. 06628\/8209 oder 0178\/4812181)<\/p>\n","protected":false},"excerpt":{"rendered":"<p>Die mobile B\u00fche (ohne Zelt) kann an Vereinsmitglieder verliehen werden. &nbsp; Preis f\u00fcr 3 Tage (Abholung\/Nutzung\/R\u00fcckgabe) betr\u00e4gt \u20ac 150,-, jeder weitere Tag \u20ac 30,- (an dem dierB\u00fchne \u201eaktiv\u201c genutzt wird). [&hellip;]<\/p>\n","protected":false},"author":2,"featured_media":0,"parent":0,"menu_order":0,"comment_status":"closed","ping_status":"closed","template":"","meta":{"_price":"","_stock":"","_tribe_ticket_header":"","_tribe_default_ticket_provider":"","_tribe_ticket_capacity":"0","_ticket_start_date":"","_ticket_end_date":"","_tribe_ticket_show_description":"","_tribe_ticket_show_not_going":false,"_tribe_ticket_use_global_stock":"","_tribe_ticket_global_stock_level":"","_global_stock_mode":"","_global_stock_cap":"","_tribe_rsvp_for_event":"","_tribe_ticket_going_count":"","_tribe_ticket_not_going_count":"","_tribe_tickets_list":"[]","_tribe_ticket_has_attendee_info_fields":false,"footnotes":"","_tec_slr_enabled":"","_tec_slr_layout":""},"ticketed":false,"_links":{"self":[{"href":"https:\/\/hausen-aulatal.de\/index.php?rest_route=\/wp\/v2\/pages\/22035"}],"collection":[{"href":"https:\/\/hausen-aulatal.de\/index.php?rest_route=\/wp\/v2\/pages"}],"about":[{"href":"https:\/\/hausen-aulatal.de\/index.php?rest_route=\/wp\/v2\/types\/page"}],"author":[{"embeddable":true,"href":"https:\/\/hausen-aulatal.de\/index.php?rest_route=\/wp\/v2\/users\/2"}],"replies":[{"embeddable":true,"href":"https:\/\/hausen-aulatal.de\/index.php?rest_route=%2Fwp%2Fv2%2Fcomments&post=22035"}],"version-history":[{"count":3,"href":"https:\/\/hausen-aulatal.de\/index.php?rest_route=\/wp\/v2\/pages\/22035\/revisions"}],"predecessor-version":[{"id":22042,"href":"https:\/\/hausen-aulatal.de\/index.php?rest_route=\/wp\/v2\/pages\/22035\/revisions\/22042"}],"wp:attachment":[{"href":"https:\/\/hausen-aulatal.de\/index.php?rest_route=%2Fwp%2Fv2%2Fmedia&parent=22035"}],"curies":[{"name":"wp","href":"https:\/\/api.w.org\/{rel}","templated":true}]}}