{"id":3489,"date":"2015-02-21T12:33:20","date_gmt":"2015-02-21T11:33:20","guid":{"rendered":"http:\/\/hausen-aulatal.de\/?page_id=3489"},"modified":"2025-02-08T21:39:44","modified_gmt":"2025-02-08T20:39:44","slug":"dorfgemeinschaftshaus-hausen","status":"publish","type":"page","link":"https:\/\/hausen-aulatal.de\/?page_id=3489","title":{"rendered":"Dorfgemeinschaftshaus Hausen"},"content":{"rendered":"<div>\n<p><a href=\"https:\/\/hausen-aulatal.de\/wp-content\/uploads\/2014\/03\/Bild-1-Karl-Dippoldsmann-Haus.jpg\"><img loading=\"lazy\" decoding=\"async\" class=\"aligncenter size-large wp-image-3487\" src=\"https:\/\/hausen-aulatal.de\/wp-content\/uploads\/2014\/03\/Bild-1-Karl-Dippoldsmann-Haus-1024x438.jpg\" alt=\"Bild 1 Karl-Dippoldsmann-Haus\" width=\"720\" height=\"307\" srcset=\"https:\/\/hausen-aulatal.de\/wp-content\/uploads\/2014\/03\/Bild-1-Karl-Dippoldsmann-Haus-1024x438.jpg 1024w, https:\/\/hausen-aulatal.de\/wp-content\/uploads\/2014\/03\/Bild-1-Karl-Dippoldsmann-Haus-300x128.jpg 300w\" sizes=\"(max-width: 720px) 100vw, 720px\" \/><\/a><\/p>\n<p>&nbsp;<\/p>\n<p><strong><span style=\"text-decoration: underline;\">Dorfgemeinschaftshaus Hausen<\/span><\/strong><strong><span style=\"text-decoration: underline;\"> (Karl-Dippoldsmann-Haus)<\/span><\/strong><\/p>\n<p>Rimbergstra\u00dfe 4, 36280 Oberaula \u2013 Hausen<\/p>\n<p><span style=\"text-decoration: underline;\"><strong>Parkpl\u00e4tze am Parklpatz<\/strong><\/span> &#8222;Im Eck&#8220; vorhanden<\/p>\n<p><b><span style=\"text-decoration: underline;\">Bestuhlung:<\/span><\/b> Max. 150 Sitzpl\u00e4tze (25 Tische, 150 St\u00fchle) Kindersitz<\/p>\n<p><b><span style=\"text-decoration: underline;\">R\u00e4umlichkeiten:<\/span><\/b> 2 R\u00e4ume und K\u00fcche<\/p>\n<p><b><span style=\"text-decoration: underline;\">Weitere technische Daten<\/span><\/b>:<\/p>\n<p><b>K\u00fcche<\/b> mit zwei Back\u00f6fen und gro\u00dfem Ceranfeld, K\u00fchl-Gefrierkombination, Schnell-Sp\u00fclmaschine, 15 ltr. Kaffeemaschine, Geschirr und Besteck.<\/p>\n<p><b>Theke<\/b> mit K\u00fchlung und Zapfanlage (zu buchbar f\u00fcr \u20ac 15,-), Gl\u00e4ser.<\/p>\n<p><b>Saal <\/b>mit Musikanlage, elektr. Leinwand, Beameranschl\u00fcssen (Beamer Zubuchbar f\u00fcr \u20ac 30,-)<\/p>\n<p><b>K\u00fchlraum klein<\/b>, f\u00fcr Getr\u00e4nke und Speisen<\/p>\n<p><b>K\u00fchlraum gro\u00df<\/b>, f\u00fcr Getr\u00e4nke und Speisen opt. zu buchbar.<\/p>\n<p><strong>Barrierefreier Zugang und behinderten gerechter Toilette (\u00f6ffentliche Toilette)<\/strong><\/p>\n<p><strong>Freifl\u00e4che \/ Terrasse 11 x 3 mtr. (Pavillion f\u00fcr \u20ac 20,- zu buchbar)<br \/>\n<\/strong><\/p>\n<p>&nbsp;<\/p>\n<p><span style=\"text-decoration: underline;\"><strong>Weitere Hinweise: <\/strong><\/span><b>Das Befahren mit PKW auf dem gepflasterten Behindertenweg ist nicht erlaubt. Ein Transportwagen steht zur Verf\u00fcgung!<br \/>\n<\/b><\/p>\n<p>&nbsp;<\/p>\n<p><b>Bei Benutzung von Geschirr, ist die \u00dcbernahme und \u00dcbergabe mit besonderen Vordrucken zu bescheinigen.<\/b><\/p>\n<p><strong>Schankerlaubnis nach \u00a7 12 Gastst\u00e4ttengesetz zum Verkauf von Speisen und Getr\u00e4nken (bei \u00f6ffentlichen Veranstaltungen, z. B. Kirmes, Marktfest, Vereinsfeiern, wenn Gewerbsm\u00e4\u00dfigkeit vorliegt usw.) ist bei der Gemeindeverwaltung, Zimmer 2, Frau Giedigkeit, Tel.: (0 66 28) 92 08 \u2013 12, zu beantragen.<\/strong><\/p>\n<p><strong>GEMA Ist bei der GEMA, Postfach 26 80, 65016 Wiesbaden zu beantragen, wenn Musikveranstaltungen stattfinden. Infos und Antrag unter:\u00a0 <a href=\"https:\/\/hausen-aulatal.de\/?attachment_id=10465\" rel=\"attachment wp-att-10465\">2019 GEMA Onlineportal<\/a><br \/>\n<\/strong><\/p>\n<p><strong>KEINE Sperrzeitverk\u00fcrzung! Auf die Nachtruhe der Anwohner ab 22.00 Uhr ist R\u00fccksicht zu nehmen!<\/strong><\/p>\n<p>&nbsp;<\/p>\n<p><strong>Brauereiverpflichtung besteht nicht!<\/strong> Es kann jedoch bei folgenden Lieferanten Kommissionsware mit dem Kennwort <strong>&#8222;DGH Hausen&#8220; <\/strong>bestellt werden. Bei Vorlage der Rechnung mit Kennwort erfolgt ein Nachlass von 10% auf die Mietpreise vom Saal!<\/p>\n<p>Privat-Brauerei Friedrich Haa\u00df KG aus Schwalmstadt unter <a title=\"\u00dcber Hangouts anrufen\" data-rtid=\"iAZJricRaCsY\" data-pstn-out-call-url=\"\" data-number=\"+49669123051\" data-ved=\"0ahUKEwiE1OKjvevPAhUGvRQKHYaSBs4QkAgIhAEwEw\">06691 23051<\/a><\/p>\n<p>Getr\u00e4nke Thorsten Hahn, G\u00f6rzhain 06639 3 16<\/p>\n<p>EDEKA Thomas H\u00f6hnke, Oberaula 06628 91 94 81<\/p>\n<p>&nbsp;<\/p>\n<p><strong>Chronik<\/strong>: Das Geb\u00e4ude wurde 1961 von dem damaligen B\u00fcrgermeister Karl Dippoldsmann als 170. Dorfgemeinschaftshaus<\/p>\n<p>in Hessen er\u00f6ffnet, 1993 erweitert und zur 850 Jahrfeier 2010 gr\u00fcndlich renoviert. Im Winter 2015\/2016 wurde eine K\u00fcchenrenovierung mit Anschaffung von modernen K\u00fcchenger\u00e4ten (siehe oben), sowie eine Renovierung der weiteren R\u00e4umlichkeiten durchgef\u00fchrt.<\/p>\n<p>Es ist ein oft genutzter Ort f\u00fcr private Feiern und \u00f6ffentliche Veranstaltungen mit der M\u00f6glichkeit Theaterauff\u00fchrungen (eine B\u00fchne ist vorhanden), Filmvorf\u00fchrungen (Leinwand und Beameranschl\u00fcsse sind vorhanden), Ausstellungen, Kochkurse, Seminare, Tagungen durchzuf\u00fchren.<\/p>\n<p>Weitere Ansichten:<\/p>\n<p>Barrierefreier Zugang auf der R\u00fcckseite<\/p>\n<p><a href=\"https:\/\/hausen-aulatal.de\/wp-content\/uploads\/2015\/02\/2013-04-04-14.21.27.jpg\"><img loading=\"lazy\" decoding=\"async\" class=\"aligncenter size-large wp-image-3497\" src=\"https:\/\/hausen-aulatal.de\/wp-content\/uploads\/2015\/02\/2013-04-04-14.21.27-1024x768.jpg\" alt=\"2013-04-04 14.21.27\" width=\"720\" height=\"540\" srcset=\"https:\/\/hausen-aulatal.de\/wp-content\/uploads\/2015\/02\/2013-04-04-14.21.27-1024x768.jpg 1024w, https:\/\/hausen-aulatal.de\/wp-content\/uploads\/2015\/02\/2013-04-04-14.21.27-300x225.jpg 300w\" sizes=\"(max-width: 720px) 100vw, 720px\" \/><\/a><\/p>\n<p>Terasse<\/p>\n<p><a href=\"https:\/\/hausen-aulatal.de\/wp-content\/uploads\/2015\/02\/PA090021.jpg\"><img loading=\"lazy\" decoding=\"async\" class=\"aligncenter size-large wp-image-3498\" src=\"https:\/\/hausen-aulatal.de\/wp-content\/uploads\/2015\/02\/PA090021-1024x768.jpg\" alt=\"OLYMPUS DIGITAL CAMERA\" width=\"720\" height=\"540\" srcset=\"https:\/\/hausen-aulatal.de\/wp-content\/uploads\/2015\/02\/PA090021-1024x768.jpg 1024w, https:\/\/hausen-aulatal.de\/wp-content\/uploads\/2015\/02\/PA090021-300x225.jpg 300w\" sizes=\"(max-width: 720px) 100vw, 720px\" \/><\/a><\/p>\n<p>Terasse mit Pavillion\u00a0 <a href=\"https:\/\/hausen-aulatal.de\/wp-content\/uploads\/2015\/02\/Pavillion-auf-Terasse.jpg\"><img loading=\"lazy\" decoding=\"async\" class=\"aligncenter size-large wp-image-7746\" src=\"https:\/\/hausen-aulatal.de\/wp-content\/uploads\/2015\/02\/Pavillion-auf-Terasse-1024x761.jpg\" alt=\"Pavillion auf Terasse\" width=\"720\" height=\"535\" srcset=\"https:\/\/hausen-aulatal.de\/wp-content\/uploads\/2015\/02\/Pavillion-auf-Terasse-1024x761.jpg 1024w, https:\/\/hausen-aulatal.de\/wp-content\/uploads\/2015\/02\/Pavillion-auf-Terasse-300x223.jpg 300w, https:\/\/hausen-aulatal.de\/wp-content\/uploads\/2015\/02\/Pavillion-auf-Terasse.jpg 1158w\" sizes=\"(max-width: 720px) 100vw, 720px\" \/><\/a><\/p>\n<p><a href=\"https:\/\/hausen-aulatal.de\/wp-content\/uploads\/2015\/02\/PA090017.jpg\">Kleiner Saal mit Theke<\/a><\/p>\n<p><a href=\"https:\/\/hausen-aulatal.de\/wp-content\/uploads\/2015\/02\/PA090017.jpg\"><img loading=\"lazy\" decoding=\"async\" class=\"aligncenter size-large wp-image-3499\" src=\"https:\/\/hausen-aulatal.de\/wp-content\/uploads\/2015\/02\/PA090017-1024x768.jpg\" alt=\"OLYMPUS DIGITAL CAMERA\" width=\"720\" height=\"540\" srcset=\"https:\/\/hausen-aulatal.de\/wp-content\/uploads\/2015\/02\/PA090017-1024x768.jpg 1024w, https:\/\/hausen-aulatal.de\/wp-content\/uploads\/2015\/02\/PA090017-300x225.jpg 300w\" sizes=\"(max-width: 720px) 100vw, 720px\" \/><\/a><\/p>\n<p><a href=\"https:\/\/hausen-aulatal.de\/wp-content\/uploads\/2015\/02\/kl-Saal.jpg\"><img loading=\"lazy\" decoding=\"async\" class=\"aligncenter size-large wp-image-7752\" src=\"https:\/\/hausen-aulatal.de\/wp-content\/uploads\/2015\/02\/kl-Saal-1024x492.jpg\" alt=\"kl Saal\" width=\"720\" height=\"345\" srcset=\"https:\/\/hausen-aulatal.de\/wp-content\/uploads\/2015\/02\/kl-Saal-1024x492.jpg 1024w, https:\/\/hausen-aulatal.de\/wp-content\/uploads\/2015\/02\/kl-Saal-300x144.jpg 300w, https:\/\/hausen-aulatal.de\/wp-content\/uploads\/2015\/02\/kl-Saal.jpg 1500w\" sizes=\"(max-width: 720px) 100vw, 720px\" \/><\/a><\/p>\n<p><a href=\"https:\/\/hausen-aulatal.de\/wp-content\/uploads\/2015\/02\/100_7546.jpg\">Gro\u00dfer Saal <\/a><\/p>\n<p><a href=\"https:\/\/hausen-aulatal.de\/wp-content\/uploads\/2015\/02\/Gro\u00dfer-Saal.jpg\"><img loading=\"lazy\" decoding=\"async\" class=\"aligncenter size-large wp-image-3500\" src=\"https:\/\/hausen-aulatal.de\/wp-content\/uploads\/2015\/02\/100_7546-1024x768.jpg\" alt=\"100_7546\" width=\"720\" height=\"540\" srcset=\"https:\/\/hausen-aulatal.de\/wp-content\/uploads\/2015\/02\/100_7546-1024x768.jpg 1024w, https:\/\/hausen-aulatal.de\/wp-content\/uploads\/2015\/02\/100_7546-300x225.jpg 300w\" sizes=\"(max-width: 720px) 100vw, 720px\" \/><img loading=\"lazy\" decoding=\"async\" class=\"aligncenter size-large wp-image-7751\" src=\"https:\/\/hausen-aulatal.de\/wp-content\/uploads\/2015\/02\/Gro\u00dfer-Saal-1024x536.jpg\" alt=\"Gro\u00dfer Saal\" width=\"720\" height=\"376\" srcset=\"https:\/\/hausen-aulatal.de\/wp-content\/uploads\/2015\/02\/Gro\u00dfer-Saal-1024x536.jpg 1024w, https:\/\/hausen-aulatal.de\/wp-content\/uploads\/2015\/02\/Gro\u00dfer-Saal-300x157.jpg 300w, https:\/\/hausen-aulatal.de\/wp-content\/uploads\/2015\/02\/Gro\u00dfer-Saal.jpg 1500w\" sizes=\"(max-width: 720px) 100vw, 720px\" \/><\/a><\/p>\n<p>Vortr\u00e4ge ohne Tische<\/p>\n<p><a href=\"https:\/\/hausen-aulatal.de\/wp-content\/uploads\/2015\/02\/Vort\u00e4ge.jpg\"><img loading=\"lazy\" decoding=\"async\" class=\"aligncenter size-large wp-image-7750\" src=\"https:\/\/hausen-aulatal.de\/wp-content\/uploads\/2015\/02\/Vort\u00e4ge-1024x537.jpg\" alt=\"Vort\u00e4ge\" width=\"720\" height=\"377\" srcset=\"https:\/\/hausen-aulatal.de\/wp-content\/uploads\/2015\/02\/Vort\u00e4ge-1024x537.jpg 1024w, https:\/\/hausen-aulatal.de\/wp-content\/uploads\/2015\/02\/Vort\u00e4ge-300x157.jpg 300w, https:\/\/hausen-aulatal.de\/wp-content\/uploads\/2015\/02\/Vort\u00e4ge.jpg 1500w\" sizes=\"(max-width: 720px) 100vw, 720px\" \/><\/a><\/p>\n<p>Leinwand<\/p>\n<p><a href=\"https:\/\/hausen-aulatal.de\/wp-content\/uploads\/2015\/02\/20160116_173953.jpg\"><img loading=\"lazy\" decoding=\"async\" class=\"aligncenter size-large wp-image-5290\" src=\"https:\/\/hausen-aulatal.de\/wp-content\/uploads\/2015\/02\/20160116_173953-1024x576.jpg\" alt=\"20160116_173953\" width=\"720\" height=\"405\" srcset=\"https:\/\/hausen-aulatal.de\/wp-content\/uploads\/2015\/02\/20160116_173953-1024x576.jpg 1024w, https:\/\/hausen-aulatal.de\/wp-content\/uploads\/2015\/02\/20160116_173953-300x168.jpg 300w\" sizes=\"(max-width: 720px) 100vw, 720px\" \/><\/a><\/p>\n<p>Neue K\u00fcchenfront mit Durchreiche, Fenster mit Rolle f\u00fcr Kochvorf\u00fchrungen, Einbauschrank, zwei Vitrinen, gro\u00dfer T\u00fcr zum Tisch und Stuhllager<\/p>\n<p><a href=\"https:\/\/hausen-aulatal.de\/wp-content\/uploads\/2015\/02\/Neue-Wand-DGH.jpg\"><img loading=\"lazy\" decoding=\"async\" class=\"aligncenter size-large wp-image-5291\" src=\"https:\/\/hausen-aulatal.de\/wp-content\/uploads\/2015\/02\/Neue-Wand-DGH-1024x575.jpg\" alt=\"Neue Wand DGH\" width=\"720\" height=\"404\" srcset=\"https:\/\/hausen-aulatal.de\/wp-content\/uploads\/2015\/02\/Neue-Wand-DGH-1024x575.jpg 1024w, https:\/\/hausen-aulatal.de\/wp-content\/uploads\/2015\/02\/Neue-Wand-DGH-300x168.jpg 300w\" sizes=\"(max-width: 720px) 100vw, 720px\" \/><\/a><\/p>\n<p>Ab September 2016 k\u00f6nnen die Fenser der S\u00dcD-Seite abgedunkelt werden.<\/p>\n<p><a href=\"https:\/\/hausen-aulatal.de\/wp-content\/uploads\/2015\/02\/Verdunkelung-S\u00dcD.jpg\"><img loading=\"lazy\" decoding=\"async\" class=\"aligncenter size-large wp-image-6460\" src=\"https:\/\/hausen-aulatal.de\/wp-content\/uploads\/2015\/02\/Verdunkelung-S\u00dcD-1024x768.jpg\" alt=\"Verdunkelung S\u00dcD\" width=\"720\" height=\"540\" srcset=\"https:\/\/hausen-aulatal.de\/wp-content\/uploads\/2015\/02\/Verdunkelung-S\u00dcD-1024x768.jpg 1024w, https:\/\/hausen-aulatal.de\/wp-content\/uploads\/2015\/02\/Verdunkelung-S\u00dcD-300x225.jpg 300w, https:\/\/hausen-aulatal.de\/wp-content\/uploads\/2015\/02\/Verdunkelung-S\u00dcD.jpg 1500w\" sizes=\"(max-width: 720px) 100vw, 720px\" \/><\/a><\/p>\n<p>Hier ein Foto von den Kinderkulturtagen 2016 mit Kinderkochen im DGH<\/p>\n<p><a href=\"https:\/\/hausen-aulatal.de\/wp-content\/uploads\/2015\/02\/Kinderkochen.jpg\"><img loading=\"lazy\" decoding=\"async\" class=\"aligncenter size-large wp-image-6461\" src=\"https:\/\/hausen-aulatal.de\/wp-content\/uploads\/2015\/02\/Kinderkochen-1024x768.jpg\" alt=\"Kinderkochen\" width=\"720\" height=\"540\" srcset=\"https:\/\/hausen-aulatal.de\/wp-content\/uploads\/2015\/02\/Kinderkochen-1024x768.jpg 1024w, https:\/\/hausen-aulatal.de\/wp-content\/uploads\/2015\/02\/Kinderkochen-300x225.jpg 300w, https:\/\/hausen-aulatal.de\/wp-content\/uploads\/2015\/02\/Kinderkochen.jpg 1500w\" sizes=\"(max-width: 720px) 100vw, 720px\" \/><\/a><\/p>\n<p>&nbsp;<\/p>\n<p>Ab dem 30. Oktober 2016 gibt es mehr Arbeitsfl\u00e4che in der K\u00fcche.<\/p>\n<p>Zwei Abdeckplatten f\u00fcr das Ceranfeld und der Sp\u00fcle wurden vom Heimatverein angeschafft.<\/p>\n<p><a href=\"https:\/\/hausen-aulatal.de\/wp-content\/uploads\/2015\/02\/20161031_182922.jpg\"><img loading=\"lazy\" decoding=\"async\" class=\"aligncenter size-large wp-image-6873\" src=\"https:\/\/hausen-aulatal.de\/wp-content\/uploads\/2015\/02\/20161031_182922-1024x768.jpg\" alt=\"20161031_182922\" width=\"720\" height=\"540\" srcset=\"https:\/\/hausen-aulatal.de\/wp-content\/uploads\/2015\/02\/20161031_182922-1024x768.jpg 1024w, https:\/\/hausen-aulatal.de\/wp-content\/uploads\/2015\/02\/20161031_182922-300x225.jpg 300w\" sizes=\"(max-width: 720px) 100vw, 720px\" \/><\/a><a href=\"https:\/\/hausen-aulatal.de\/wp-content\/uploads\/2015\/02\/20161030_204930.jpg\"><img loading=\"lazy\" decoding=\"async\" class=\"aligncenter size-large wp-image-6874\" src=\"https:\/\/hausen-aulatal.de\/wp-content\/uploads\/2015\/02\/20161030_204930-1024x768.jpg\" alt=\"20161030_204930\" width=\"720\" height=\"540\" srcset=\"https:\/\/hausen-aulatal.de\/wp-content\/uploads\/2015\/02\/20161030_204930-1024x768.jpg 1024w, https:\/\/hausen-aulatal.de\/wp-content\/uploads\/2015\/02\/20161030_204930-300x225.jpg 300w\" sizes=\"(max-width: 720px) 100vw, 720px\" \/><\/a><\/p>\n<p><a href=\"https:\/\/hausen-aulatal.de\/wp-content\/uploads\/2015\/02\/K\u00fcche-in-Aktion.jpg\"><img loading=\"lazy\" decoding=\"async\" class=\"aligncenter size-large wp-image-7753\" src=\"https:\/\/hausen-aulatal.de\/wp-content\/uploads\/2015\/02\/K\u00fcche-in-Aktion-1024x768.jpg\" alt=\"K\u00fcche in Aktion\" width=\"720\" height=\"540\" srcset=\"https:\/\/hausen-aulatal.de\/wp-content\/uploads\/2015\/02\/K\u00fcche-in-Aktion-1024x768.jpg 1024w, https:\/\/hausen-aulatal.de\/wp-content\/uploads\/2015\/02\/K\u00fcche-in-Aktion-300x225.jpg 300w, https:\/\/hausen-aulatal.de\/wp-content\/uploads\/2015\/02\/K\u00fcche-in-Aktion.jpg 1500w\" sizes=\"(max-width: 720px) 100vw, 720px\" \/><\/a><\/p>\n<p>Kaffeemaschnine 15 ltr. f\u00fcr 1 Pfd. Kaffee<\/p>\n<p><a href=\"https:\/\/hausen-aulatal.de\/wp-content\/uploads\/2015\/02\/Kaffee.jpg\"><img loading=\"lazy\" decoding=\"async\" class=\"aligncenter size-large wp-image-6878\" src=\"https:\/\/hausen-aulatal.de\/wp-content\/uploads\/2015\/02\/Kaffee-1024x768.jpg\" alt=\"Kaffee\" width=\"720\" height=\"540\" srcset=\"https:\/\/hausen-aulatal.de\/wp-content\/uploads\/2015\/02\/Kaffee-1024x768.jpg 1024w, https:\/\/hausen-aulatal.de\/wp-content\/uploads\/2015\/02\/Kaffee-300x225.jpg 300w, https:\/\/hausen-aulatal.de\/wp-content\/uploads\/2015\/02\/Kaffee.jpg 2000w\" sizes=\"(max-width: 720px) 100vw, 720px\" \/><\/a><\/p>\n<p>Eine B\u00fchne 50cm hoch, 4 mtr. tief und 6,50 mtr. breit ist vorhanden und kann nach Absprache genutzt werden.<\/p>\n<p><a href=\"https:\/\/hausen-aulatal.de\/wp-content\/uploads\/2015\/02\/20161113_133502.jpg\"><img loading=\"lazy\" decoding=\"async\" class=\"aligncenter size-large wp-image-6890\" src=\"https:\/\/hausen-aulatal.de\/wp-content\/uploads\/2015\/02\/20161113_133502-1024x768.jpg\" alt=\"20161113_133502\" width=\"720\" height=\"540\" srcset=\"https:\/\/hausen-aulatal.de\/wp-content\/uploads\/2015\/02\/20161113_133502-1024x768.jpg 1024w, https:\/\/hausen-aulatal.de\/wp-content\/uploads\/2015\/02\/20161113_133502-300x225.jpg 300w, https:\/\/hausen-aulatal.de\/wp-content\/uploads\/2015\/02\/20161113_133502.jpg 2000w\" sizes=\"(max-width: 720px) 100vw, 720px\" \/><\/a><\/p>\n<p>B\u00fchne mit Akteuren<\/p>\n<p><a href=\"https:\/\/hausen-aulatal.de\/wp-content\/uploads\/2015\/02\/B\u00fchne-mit-Akteuren.jpg\"><img loading=\"lazy\" decoding=\"async\" class=\"aligncenter size-large wp-image-7747\" src=\"https:\/\/hausen-aulatal.de\/wp-content\/uploads\/2015\/02\/B\u00fchne-mit-Akteuren-1024x733.jpg\" alt=\"B\u00fchne mit Akteuren\" width=\"720\" height=\"515\" srcset=\"https:\/\/hausen-aulatal.de\/wp-content\/uploads\/2015\/02\/B\u00fchne-mit-Akteuren-1024x733.jpg 1024w, https:\/\/hausen-aulatal.de\/wp-content\/uploads\/2015\/02\/B\u00fchne-mit-Akteuren-300x214.jpg 300w, https:\/\/hausen-aulatal.de\/wp-content\/uploads\/2015\/02\/B\u00fchne-mit-Akteuren.jpg 1304w\" sizes=\"(max-width: 720px) 100vw, 720px\" \/><\/a><\/p>\n<p>Durch die gro\u00dfe Leinwand ist das DGH f\u00fcr Vortr\u00e4ge mit Beamer oder Projektor bestens geeignet.<\/p>\n<p>Hier bei einem VDK Vortag in 2017<\/p>\n<p><a href=\"https:\/\/hausen-aulatal.de\/wp-content\/uploads\/2015\/02\/20170210_182732.jpg\"><img loading=\"lazy\" decoding=\"async\" class=\"aligncenter size-large wp-image-7213\" src=\"https:\/\/hausen-aulatal.de\/wp-content\/uploads\/2015\/02\/20170210_182732-1024x768.jpg\" alt=\"20170210_182732\" width=\"720\" height=\"540\" srcset=\"https:\/\/hausen-aulatal.de\/wp-content\/uploads\/2015\/02\/20170210_182732-1024x768.jpg 1024w, https:\/\/hausen-aulatal.de\/wp-content\/uploads\/2015\/02\/20170210_182732-300x225.jpg 300w, https:\/\/hausen-aulatal.de\/wp-content\/uploads\/2015\/02\/20170210_182732.jpg 1500w\" sizes=\"(max-width: 720px) 100vw, 720px\" \/><\/a><\/p>\n<p>K\u00fchlraum klein mit Anschlu\u00df f\u00fcr Fassbier, Kuchenregal und Lagerraum f\u00fcr Getr\u00e4nkekisten<\/p>\n<p><a href=\"https:\/\/hausen-aulatal.de\/wp-content\/uploads\/2015\/02\/K\u00fchlraum-klein2.jpg\"><img loading=\"lazy\" decoding=\"async\" class=\"aligncenter size-large wp-image-7748\" src=\"https:\/\/hausen-aulatal.de\/wp-content\/uploads\/2015\/02\/K\u00fchlraum-klein2-768x1024.jpg\" alt=\"K\u00fchlraum klein2\" width=\"720\" height=\"960\" srcset=\"https:\/\/hausen-aulatal.de\/wp-content\/uploads\/2015\/02\/K\u00fchlraum-klein2-768x1024.jpg 768w, https:\/\/hausen-aulatal.de\/wp-content\/uploads\/2015\/02\/K\u00fchlraum-klein2-225x300.jpg 225w, https:\/\/hausen-aulatal.de\/wp-content\/uploads\/2015\/02\/K\u00fchlraum-klein2.jpg 1125w\" sizes=\"(max-width: 720px) 100vw, 720px\" \/><\/a> <a href=\"https:\/\/hausen-aulatal.de\/wp-content\/uploads\/2015\/02\/K\u00fchlraum-klein1.jpg\"><img loading=\"lazy\" decoding=\"async\" class=\"aligncenter size-large wp-image-7749\" src=\"https:\/\/hausen-aulatal.de\/wp-content\/uploads\/2015\/02\/K\u00fchlraum-klein1-768x1024.jpg\" alt=\"K\u00fchlraum klein1\" width=\"720\" height=\"960\" srcset=\"https:\/\/hausen-aulatal.de\/wp-content\/uploads\/2015\/02\/K\u00fchlraum-klein1-768x1024.jpg 768w, https:\/\/hausen-aulatal.de\/wp-content\/uploads\/2015\/02\/K\u00fchlraum-klein1-225x300.jpg 225w, https:\/\/hausen-aulatal.de\/wp-content\/uploads\/2015\/02\/K\u00fchlraum-klein1.jpg 1125w\" sizes=\"(max-width: 720px) 100vw, 720px\" \/><\/a><\/p>\n<p>Bedienungsanleitungen:<\/p>\n<p><a href=\"https:\/\/hausen-aulatal.de\/?attachment_id=26315\">PRO Plus 100T-Kaffeemaschine<\/a><\/p>\n<p><a href=\"https:\/\/hausen-aulatal.de\/wp-content\/uploads\/2015\/02\/Geschirrsp\u00fclmaschine-Bartscher-TF50.pdf\">Geschirrsp\u00fclmaschine Bartscher TF50<\/a><\/p>\n<p><a href=\"https:\/\/hausen-aulatal.de\/wp-content\/uploads\/2015\/02\/Einbaubackofen.pdf\">Einbaubackofen<\/a><\/p>\n<table border=\"1\" width=\"16\" cellspacing=\"0\" cellpadding=\"0\">\n<tbody>\n<tr>\n<td valign=\"top\" width=\"137\"><\/td>\n<td valign=\"top\" width=\"123\"><\/td>\n<\/tr>\n<\/tbody>\n<\/table>\n<\/div>\n","protected":false},"excerpt":{"rendered":"<p>&nbsp; Dorfgemeinschaftshaus Hausen (Karl-Dippoldsmann-Haus) Rimbergstra\u00dfe 4, 36280 Oberaula \u2013 Hausen Parkpl\u00e4tze am Parklpatz &#8222;Im Eck&#8220; vorhanden Bestuhlung: Max. 150 Sitzpl\u00e4tze (25 Tische, 150 St\u00fchle) Kindersitz R\u00e4umlichkeiten: 2 R\u00e4ume und K\u00fcche [&hellip;]<\/p>\n","protected":false},"author":2,"featured_media":0,"parent":369,"menu_order":0,"comment_status":"closed","ping_status":"closed","template":"","meta":{"_price":"","_stock":"","_tribe_ticket_header":"","_tribe_default_ticket_provider":"","_tribe_ticket_capacity":"0","_ticket_start_date":"","_ticket_end_date":"","_tribe_ticket_show_description":"","_tribe_ticket_show_not_going":false,"_tribe_ticket_use_global_stock":"","_tribe_ticket_global_stock_level":"","_global_stock_mode":"","_global_stock_cap":"","_tribe_rsvp_for_event":"","_tribe_ticket_going_count":"","_tribe_ticket_not_going_count":"","_tribe_tickets_list":"[]","_tribe_ticket_has_attendee_info_fields":false,"footnotes":"","_tec_slr_enabled":"","_tec_slr_layout":""},"ticketed":false,"_links":{"self":[{"href":"https:\/\/hausen-aulatal.de\/index.php?rest_route=\/wp\/v2\/pages\/3489"}],"collection":[{"href":"https:\/\/hausen-aulatal.de\/index.php?rest_route=\/wp\/v2\/pages"}],"about":[{"href":"https:\/\/hausen-aulatal.de\/index.php?rest_route=\/wp\/v2\/types\/page"}],"author":[{"embeddable":true,"href":"https:\/\/hausen-aulatal.de\/index.php?rest_route=\/wp\/v2\/users\/2"}],"replies":[{"embeddable":true,"href":"https:\/\/hausen-aulatal.de\/index.php?rest_route=%2Fwp%2Fv2%2Fcomments&post=3489"}],"version-history":[{"count":28,"href":"https:\/\/hausen-aulatal.de\/index.php?rest_route=\/wp\/v2\/pages\/3489\/revisions"}],"predecessor-version":[{"id":26317,"href":"https:\/\/hausen-aulatal.de\/index.php?rest_route=\/wp\/v2\/pages\/3489\/revisions\/26317"}],"up":[{"embeddable":true,"href":"https:\/\/hausen-aulatal.de\/index.php?rest_route=\/wp\/v2\/pages\/369"}],"wp:attachment":[{"href":"https:\/\/hausen-aulatal.de\/index.php?rest_route=%2Fwp%2Fv2%2Fmedia&parent=3489"}],"curies":[{"name":"wp","href":"https:\/\/api.w.org\/{rel}","templated":true}]}}