{"id":35,"date":"2014-03-11T23:07:20","date_gmt":"2014-03-11T22:07:20","guid":{"rendered":"http:\/\/hausen-aulatal.de\/?page_id=35"},"modified":"2025-12-13T11:22:54","modified_gmt":"2025-12-13T10:22:54","slug":"heimatverein","status":"publish","type":"page","link":"https:\/\/hausen-aulatal.de\/?page_id=35","title":{"rendered":"Hausener Verein f\u00fcr Heimat und Brauchtum e. V."},"content":{"rendered":"<p style=\"text-align: center;\"><a href=\"https:\/\/hausen-aulatal.de\/wp-content\/uploads\/2025\/12\/Logo-Heimatverein-2025.jpg\"><img loading=\"lazy\" decoding=\"async\" class=\"aligncenter size-full wp-image-28547\" src=\"https:\/\/hausen-aulatal.de\/wp-content\/uploads\/2025\/12\/Logo-Heimatverein-2025.jpg\" alt=\"\" width=\"381\" height=\"395\" srcset=\"https:\/\/hausen-aulatal.de\/wp-content\/uploads\/2025\/12\/Logo-Heimatverein-2025.jpg 381w, https:\/\/hausen-aulatal.de\/wp-content\/uploads\/2025\/12\/Logo-Heimatverein-2025-289x300.jpg 289w\" sizes=\"(max-width: 381px) 100vw, 381px\" \/><\/a><\/p>\n<p style=\"text-align: left;\">Nachdem im Jahr 1995, bedingt durch erhebliche Sch\u00e4den im Glockenturm der Patronatskirche in Hausen, die beiden 300 und 400 kg schweren Bronzeglocken vorl\u00e4ufig zum letzten Mal gel\u00e4utet hatten, wurde im Jahr 1998 der Gedanke aufgegriffen, durch \u00f6ffentliche Spendenaufrufe Geld zu sammeln und mit den Einnahmen\u00a0 die seinerzeit bereits ins Auge gefasste Renovierung der Hausener Kirche zu unterst\u00fctzen. Die damaligen Planungen f\u00fcr eine Gesamtsanierung lagen bei ca.\u00a0\u00a0 700.000,&#8211; DM.<\/p>\n<p style=\"text-align: left;\">Bereits im September 1998 wurde durch den Ortsbeirat und die Hausener Vereine ein \u201eSonntag f\u00fcr den guten Zweck\u201c veranstaltet. Am 15.04.1999 war man sich dann einig und gr\u00fcndete im Gasthaus \u201eZur Post\u201c den Hausener Verein f\u00fcr Heimat und Brauchtum e.V., um f\u00fcr das angestrebte Ziel ein breiteres Fundament zu schaffen. Ein finanzieller Grundstock wurde durch den ersten\u00a0 1. Vorsitzenden Ulrich Allendorf gelegt, indem er zu seinem 50. Geburtstag seine G\u00e4ste bat, anstatt Geschenke zu \u00fcberbringen, sollte man doch f\u00fcr den guten Zweck spenden. Eine wahrhaft tolle Idee, die immerhin 3.000,&#8211; DM in die Vereinskasse sp\u00fclte.<\/p>\n<p>Nachdem im Gr\u00fcndungsmonat schnell 30 Vereinsmitglieder gefunden waren, z\u00e4hlt der Hausener Verein f\u00fcr Heimat und Brauchtum e.V. mittlerweile 120 Mitglieder, bei 580 Einwohnern ein guter Durchschnitt. Dabei ist zu bedenken, dass in Hausen weitere 20 Vereine aktiv und Mehrfachmitgliedschaften vieler B\u00fcrger \u00fcblich sind.<\/p>\n<p>Im Laufe der Jahre wurden viele Veranstaltungen durchgef\u00fchrt, die neben der Geselligkeit und F\u00f6rderung der Dorfgemeinschaft auch den kulturellen Aspekt des Vereinslebens ber\u00fccksichtigten.<\/p>\n<p>Das \u00fcber die Kreisgrenzen hinweg bekannte Kartoffelfest, erstmals am 3. Oktober 2000 durch den Heimatverein ausgerichtet, zieht immer wieder G\u00e4ste aus der nahen und fernen Umgebung an, zumal an diesem Tag teilweise au\u00dfergew\u00f6hnliche Attraktionen geboten werden. Live-Rock \u201cMade in Hausen\u201c, Alphornbl\u00e4serkl\u00e4nge aus der Rh\u00f6n, die Wallenr\u00f6der \u201eDicke-Backe-Kapelle\u201c oder ein Almabtrieb im Kn\u00fcll-Gebirge und dies alles bei kulinarischen Gen\u00fcssen rund um die Kartoffel, sind f\u00fcr ein kleines Dorf wie Hausen schon eine au\u00dfergew\u00f6hnliche Leistung. Dieses Fest wird zwar vom Heimatverein organisiert, bietet jedoch die Gelegenheit f\u00fcr alle interessierten Hausener Vereine, sich an diesem Tag der \u00d6ffentlichkeit vorzustellen. So waren im\u00a0 Jahr 2009 insgesamt 8 Vereine mit ca. 120 Aktiven am Start, um die ca. 500 Besucher mit allerlei K\u00f6stlichkeiten zu versorgen und mit zahlreichen Darbietungen zu unterhalten.<\/p>\n<p>Im Jahr 2001 erfuhren die interessierten B\u00fcrger, dass es \u201eAm Birkert\u201c\u00a0 in Hausen bereits vor ca. 600.000 Jahren Menschen gegeben haben muss, worauf die dort gefundenen Faustkeile, Blattspitzen und Schaber hindeuten. Der bekannte Pr\u00e4historiker<b> <\/b>Heribert Heidenreich erkl\u00e4rte, dass Hausen zu den gr\u00f6\u00dften und wichtigsten steinzeitlichen Quarzitfundpl\u00e4tzen in Mittel- und Nordhessen geh\u00f6rt. Zur Anschauung stellte er von ihm in Hausen gefundene Exponate vor.<\/p>\n<p>Begleitend \u00fcber die Jahre des Vereinslebens hat der geb\u00fcrtige Hausener Historiker Dr. Hans G\u00fcnther Bickert, mehrere Vortr\u00e4ge in Hausen gehalten. Nachdem er im Jahre 1999 sein Buch \u201eSpurensuche\u201c in Hausen vorgestellt hatte, folgten weitere Vortr\u00e4ge \u00fcber das Hausener Platt, die Verleihung der Stadtrechte im Jahre 1323 und weitere interessante Themen. Herr Dr. Bickert wies auch die urkundliche Ersterw\u00e4hnung Hausens im Jahre 1160 nach.<\/p>\n<p>Als am 1. Oktober 2006 die Hausener Kirche nach der jahrelangen Renovierung im alten Glanz erstrahlte und mit einem gro\u00dfen Fest eingeweiht wurde, hatte der Verein ein wesentliches Ziel erreicht. Aus dem Vereinsverm\u00f6gen war ein gro\u00dfer Teil f\u00fcr die Renovierungsarbeiten gespendet worden und zum Weihnachtsfest 2006 wurde noch eine gro\u00dfe Weihnachtskrippe mit handgeschnitzten Figuren und einem Krippenstall aus der Hausener Werkstatt von Heinrich Gluth angeschafft. Doch wer wollte schon einen in den letzten Jahren so erfolgreichen Verein, unter dessen Dach noch die Theatergruppe \u201eKleine B\u00fchne Hausen\u201c und der Hausener Singkreis als Untervereine gef\u00fchrt wurden, so einfach aufl\u00f6sen, zumal sich damals schon ein gro\u00dfes Ereignis ank\u00fcndigte, die 850-Jahrfeier Hausens im Jahre 2010.<\/p>\n<p>Der Heimatverein bot sich f\u00fcr die Umsetzung des Gedankens eines solchen Jubil\u00e4ums buchst\u00e4blich an und deshalb wurde ihm im Jahr 2008 vom Ortsbeirat die Planung f\u00fcr die 850-Jahrfeier \u00fcbertragen.<\/p>\n<p>Im Rahmen der Planungsaktivit\u00e4ten waren \u00fcber 60 Hausener in zahlreichen Aussch\u00fcssen t\u00e4tig, mit dem Ziel, der \u00d6ffentlichkeit ihren Heimatort und Lebensmittelpunkt als lebenswerten, attraktiven Wohnort vorzustellen. Im Sinne von \u201eJeder ist selbst f\u00fcr seine eigene Freizeitgestaltung verantwortlich und darf dies nicht immer nur anderen \u00fcberlassen!\u201c wurden\u00a0 viele Aktivit\u00e4ten gestartet, die die Vorfreude auf das gro\u00dfe Fest bei allen Einwohnern steigerten. Winter- und Herbstwanderungen, ein gro\u00dfes Osterfeuer am Ferienparkteich, das nach 20 Jahren erstmals wieder durchgef\u00fchrte St\u00e4ndchenspielen zur Kirmes, das Kartoffelfest usw. usw. haben schon im Vorfeld zur F\u00f6rderung der d\u00f6rflichen Gemeinschaft und des Zusammenhalts beigetragen.<\/p>\n<p>&nbsp;<\/p>\n<p><a href=\"https:\/\/hausen-aulatal.de\/?page_id=33\">Zur\u00fcck zur Vereins\u00fcbersicht<\/a><\/p>\n","protected":false},"excerpt":{"rendered":"<p>Nachdem im Jahr 1995, bedingt durch erhebliche Sch\u00e4den im Glockenturm der Patronatskirche in Hausen, die beiden 300 und 400 kg schweren Bronzeglocken vorl\u00e4ufig zum letzten Mal gel\u00e4utet hatten, wurde im [&hellip;]<\/p>\n","protected":false},"author":1,"featured_media":341,"parent":33,"menu_order":6,"comment_status":"closed","ping_status":"open","template":"","meta":{"_price":"","_stock":"","_tribe_ticket_header":"","_tribe_default_ticket_provider":"","_tribe_ticket_capacity":"0","_ticket_start_date":"","_ticket_end_date":"","_tribe_ticket_show_description":"","_tribe_ticket_show_not_going":false,"_tribe_ticket_use_global_stock":"","_tribe_ticket_global_stock_level":"","_global_stock_mode":"","_global_stock_cap":"","_tribe_rsvp_for_event":"","_tribe_ticket_going_count":"","_tribe_ticket_not_going_count":"","_tribe_tickets_list":"[]","_tribe_ticket_has_attendee_info_fields":false,"footnotes":"","_tec_slr_enabled":"","_tec_slr_layout":""},"ticketed":false,"_links":{"self":[{"href":"https:\/\/hausen-aulatal.de\/index.php?rest_route=\/wp\/v2\/pages\/35"}],"collection":[{"href":"https:\/\/hausen-aulatal.de\/index.php?rest_route=\/wp\/v2\/pages"}],"about":[{"href":"https:\/\/hausen-aulatal.de\/index.php?rest_route=\/wp\/v2\/types\/page"}],"author":[{"embeddable":true,"href":"https:\/\/hausen-aulatal.de\/index.php?rest_route=\/wp\/v2\/users\/1"}],"replies":[{"embeddable":true,"href":"https:\/\/hausen-aulatal.de\/index.php?rest_route=%2Fwp%2Fv2%2Fcomments&post=35"}],"version-history":[{"count":11,"href":"https:\/\/hausen-aulatal.de\/index.php?rest_route=\/wp\/v2\/pages\/35\/revisions"}],"predecessor-version":[{"id":28549,"href":"https:\/\/hausen-aulatal.de\/index.php?rest_route=\/wp\/v2\/pages\/35\/revisions\/28549"}],"up":[{"embeddable":true,"href":"https:\/\/hausen-aulatal.de\/index.php?rest_route=\/wp\/v2\/pages\/33"}],"wp:featuredmedia":[{"embeddable":true,"href":"https:\/\/hausen-aulatal.de\/index.php?rest_route=\/wp\/v2\/media\/341"}],"wp:attachment":[{"href":"https:\/\/hausen-aulatal.de\/index.php?rest_route=%2Fwp%2Fv2%2Fmedia&parent=35"}],"curies":[{"name":"wp","href":"https:\/\/api.w.org\/{rel}","templated":true}]}}