{"id":3542,"date":"2015-03-14T10:44:40","date_gmt":"2015-03-14T09:44:40","guid":{"rendered":"http:\/\/hausen-aulatal.de\/?page_id=3542"},"modified":"2022-06-12T11:01:42","modified_gmt":"2022-06-12T09:01:42","slug":"vereinszelt","status":"publish","type":"page","link":"https:\/\/hausen-aulatal.de\/?page_id=3542","title":{"rendered":"Vereinszelt"},"content":{"rendered":"<p>Das Vereinszelt (8&#215;6 mtr. oder 12&#215;6 mtr.) des Heimatvereins k\u00f6nnen Vereinsmitglieder ausleihen.<\/p>\n<p>Preis f\u00fcr 3 Tage (Abholung\/Nutzung\/R\u00fcckgabe) betr\u00e4gt \u20ac 30,- \/ \u20ac 50,-, jeder weitere Tag \u20ac 5,-. Eine Kaution von \u20ac 70,- ist zu entrichten. Die Betr\u00e4ge sind bei Abholung in Bar zu zahlen. Der Lagerort ist das Dorfgemeinschaftshaus (Schlachtraum) Hausen. Verantwortlich f\u00fcr die Entleihung ist J\u00f6rg Albert (Tel. 06628\/8209 oder 0178\/4812181)<\/p>\n<p><a href=\"https:\/\/hausen-aulatal.de\/wp-content\/uploads\/2015\/03\/206861221100_200x200.jpg\"><img loading=\"lazy\" decoding=\"async\" class=\"aligncenter wp-image-10562\" src=\"https:\/\/hausen-aulatal.de\/wp-content\/uploads\/2015\/03\/206861221100_200x200.jpg\" alt=\"206861221100_200x200\" width=\"234\" height=\"159\"\/><\/a><a href=\"https:\/\/hausen-aulatal.de\/wp-content\/uploads\/2021\/08\/21.08.01-Mietvertrag-Vereinszelt.pdf\">21.08.01 Mietvertrag Vereinszelt<\/a><\/p>\n<p>&nbsp;<\/p>\n<p>Unser neues Vereinszelt ab 04\/2019 ist ein Kombizelt und kann entweder mit 8&#215;6 mtr. oder mit 12&#215;6 mtr. aufgestellt werden. Ausleihmodalit\u00e4ten wie vor.<\/p>\n<p>&nbsp;<\/p>\n<p><strong>Ma\u00dfe<\/strong><\/p>\n<ul>\n<li>6 x 12 Meter Grundma\u00df<\/li>\n<li>Seitenh\u00f6he 260 cm<\/li>\n<li>Firsth\u00f6he 370 cm<\/li>\n<\/ul>\n<p><strong>Spezifikationen<\/strong><\/p>\n<ul>\n<li>50 mm Stahlrohrgest\u00e4nge mit 1,6 mm Materialst\u00e4rke im vertikalen Bereich<\/li>\n<li>54 mm Stahlrohrverbinder mit 1,7 mm Materialst\u00e4rke im vertikalen Bereich<\/li>\n<li>38 mm Stahlrohrgest\u00e4nge mit 1,2 mm Materialst\u00e4rke im horizontalem Bereich<\/li>\n<li>43 mm Stahlrohrverbinder mit 1,4 mm Materialst\u00e4rke im horizontalem Bereich<\/li>\n<li>Grau pulverbeschichtet<\/li>\n<li>550 g\/m\u00b2 PVC-Planenmaterial &#8211; rasterfaserverst\u00e4rkt &#8211; wei\u00df<\/li>\n<li>Alle Planen feuersicher zertifiziert nach EN-13501-1<\/li>\n<li>Seitenw\u00e4nde mit 175&#215;150 cm Fenster<\/li>\n<li>Giebelw\u00e4nde mit je einer gro\u00dfen T\u00fcr 460 cm Breite und einer kleinen T\u00fcr 180 cm Breite<\/li>\n<\/ul>\n<p><strong>Lieferumfang<\/strong><\/p>\n<ul>\n<li>6&#215;12 m Gest\u00e4nge inkl. Bodenrahmen<\/li>\n<li>6&#215;12 m Dachplane<\/li>\n<li>6&#215;8 m Dachplane<\/li>\n<li>12 Seitenw\u00e4nde mit Fenster<\/li>\n<li>1 Giebelwand mit breiter T\u00fcr<br \/>\n1 Giebelwand mit schmaler T\u00fcr<\/li>\n<li>Stangen-Erdhaken<br \/>\nPlanen-Erdhaken<\/li>\n<li>Spanngummis<br \/>\nHaken f\u00fcr Schals<\/li>\n<li>Spiral-Heringe<br \/>\nAbspannseile<\/li>\n<li>Aufbauanleitung mit Pflege- und Warnhinweisen<\/li>\n<\/ul>\n<p><strong>Packma\u00df und Gewicht<\/strong><\/p>\n<p>Gesamtgewicht 406 kg<\/p>\n<p><strong>Aufbau<\/strong><\/p>\n<ul>\n<li><strong>Einfache und schnelle Montage in wenigen Schritten<\/strong>1. Dachkonstruktion zusammenstecken<br \/>\n2. Dachplane auflegen<br \/>\n3. Zelt mit Hilfe der Standfu\u00dfstangen aufrichten<br \/>\n4. Dachplane und Seitenteile nach Bedarf fixieren<\/li>\n<\/ul>\n<p>https:\/\/www.stabilezelte.de\/6&#215;12-m-2in1-kombizelt-mit-extra-6&#215;8-m-dach-2-6m-seitenhoehe-pvc-feuersicher-weiss-206861221100.html<\/p>\n<p><a href=\"https:\/\/hausen-aulatal.de\/wp-content\/uploads\/2015\/03\/Aufbaubild.jpg\"><img loading=\"lazy\" decoding=\"async\" class=\"aligncenter size-full wp-image-10561\" src=\"https:\/\/hausen-aulatal.de\/wp-content\/uploads\/2015\/03\/Aufbaubild.jpg\" alt=\"Aufbaubild\" width=\"480\" height=\"750\" srcset=\"https:\/\/hausen-aulatal.de\/wp-content\/uploads\/2015\/03\/Aufbaubild.jpg 480w, https:\/\/hausen-aulatal.de\/wp-content\/uploads\/2015\/03\/Aufbaubild-192x300.jpg 192w\" sizes=\"(max-width: 480px) 100vw, 480px\" \/><\/a><\/p>\n<p>&nbsp;<\/p>\n<p><a href=\"https:\/\/hausen-aulatal.de\/?attachment_id=10560\" rel=\"attachment wp-att-10560\">Aufbauanleitung-GIANTPro-6m-Breite<\/a><\/p>\n","protected":false},"excerpt":{"rendered":"<p>Das Vereinszelt (8&#215;6 mtr. oder 12&#215;6 mtr.) des Heimatvereins k\u00f6nnen Vereinsmitglieder ausleihen. Preis f\u00fcr 3 Tage (Abholung\/Nutzung\/R\u00fcckgabe) betr\u00e4gt \u20ac 30,- \/ \u20ac 50,-, jeder weitere Tag \u20ac 5,-. Eine Kaution [&hellip;]<\/p>\n","protected":false},"author":2,"featured_media":0,"parent":0,"menu_order":0,"comment_status":"closed","ping_status":"closed","template":"","meta":{"_price":"","_stock":"","_tribe_ticket_header":"","_tribe_default_ticket_provider":"","_tribe_ticket_capacity":"0","_ticket_start_date":"","_ticket_end_date":"","_tribe_ticket_show_description":"","_tribe_ticket_show_not_going":false,"_tribe_ticket_use_global_stock":"","_tribe_ticket_global_stock_level":"","_global_stock_mode":"","_global_stock_cap":"","_tribe_rsvp_for_event":"","_tribe_ticket_going_count":"","_tribe_ticket_not_going_count":"","_tribe_tickets_list":"[]","_tribe_ticket_has_attendee_info_fields":false,"footnotes":"","_tec_slr_enabled":"","_tec_slr_layout":""},"ticketed":false,"_links":{"self":[{"href":"https:\/\/hausen-aulatal.de\/index.php?rest_route=\/wp\/v2\/pages\/3542"}],"collection":[{"href":"https:\/\/hausen-aulatal.de\/index.php?rest_route=\/wp\/v2\/pages"}],"about":[{"href":"https:\/\/hausen-aulatal.de\/index.php?rest_route=\/wp\/v2\/types\/page"}],"author":[{"embeddable":true,"href":"https:\/\/hausen-aulatal.de\/index.php?rest_route=\/wp\/v2\/users\/2"}],"replies":[{"embeddable":true,"href":"https:\/\/hausen-aulatal.de\/index.php?rest_route=%2Fwp%2Fv2%2Fcomments&post=3542"}],"version-history":[{"count":12,"href":"https:\/\/hausen-aulatal.de\/index.php?rest_route=\/wp\/v2\/pages\/3542\/revisions"}],"predecessor-version":[{"id":18402,"href":"https:\/\/hausen-aulatal.de\/index.php?rest_route=\/wp\/v2\/pages\/3542\/revisions\/18402"}],"wp:attachment":[{"href":"https:\/\/hausen-aulatal.de\/index.php?rest_route=%2Fwp%2Fv2%2Fmedia&parent=3542"}],"curies":[{"name":"wp","href":"https:\/\/api.w.org\/{rel}","templated":true}]}}