{"id":3544,"date":"2015-03-14T10:45:00","date_gmt":"2015-03-14T09:45:00","guid":{"rendered":"http:\/\/hausen-aulatal.de\/?page_id=3544"},"modified":"2019-04-12T18:57:27","modified_gmt":"2019-04-12T16:57:27","slug":"marktbuden","status":"publish","type":"page","link":"https:\/\/hausen-aulatal.de\/?page_id=3544","title":{"rendered":"Marktst\u00e4nde"},"content":{"rendered":"<p><a href=\"https:\/\/hausen-aulatal.de\/wp-content\/uploads\/2015\/03\/20140412_121211.jpg\">\u00a0<\/a><a href=\"https:\/\/hausen-aulatal.de\/wp-content\/uploads\/2015\/03\/IMG-20150603-WA0014.jpg\"><img loading=\"lazy\" decoding=\"async\" class=\"aligncenter size-large wp-image-4469\" alt=\"IMG-20150603-WA0014\" src=\"https:\/\/hausen-aulatal.de\/wp-content\/uploads\/2015\/03\/IMG-20150603-WA0014-1024x576.jpg\" width=\"720\" height=\"405\" srcset=\"https:\/\/hausen-aulatal.de\/wp-content\/uploads\/2015\/03\/IMG-20150603-WA0014-1024x576.jpg 1024w, https:\/\/hausen-aulatal.de\/wp-content\/uploads\/2015\/03\/IMG-20150603-WA0014-300x168.jpg 300w, https:\/\/hausen-aulatal.de\/wp-content\/uploads\/2015\/03\/IMG-20150603-WA0014.jpg 1280w\" sizes=\"(max-width: 720px) 100vw, 720px\" \/><\/a><a href=\"https:\/\/hausen-aulatal.de\/wp-content\/uploads\/2015\/03\/IMG-20150603-WA0015.jpg\"><img loading=\"lazy\" decoding=\"async\" class=\"aligncenter size-large wp-image-4468\" alt=\"IMG-20150603-WA0015\" src=\"https:\/\/hausen-aulatal.de\/wp-content\/uploads\/2015\/03\/IMG-20150603-WA0015-1024x576.jpg\" width=\"720\" height=\"405\" srcset=\"https:\/\/hausen-aulatal.de\/wp-content\/uploads\/2015\/03\/IMG-20150603-WA0015-1024x576.jpg 1024w, https:\/\/hausen-aulatal.de\/wp-content\/uploads\/2015\/03\/IMG-20150603-WA0015-300x168.jpg 300w, https:\/\/hausen-aulatal.de\/wp-content\/uploads\/2015\/03\/IMG-20150603-WA0015.jpg 1280w\" sizes=\"(max-width: 720px) 100vw, 720px\" \/><\/a><img loading=\"lazy\" decoding=\"async\" class=\"aligncenter size-large wp-image-3560\" alt=\"20140412_121211\" src=\"https:\/\/hausen-aulatal.de\/wp-content\/uploads\/2015\/03\/20140412_121211-1024x576.jpg\" width=\"720\" height=\"405\" srcset=\"https:\/\/hausen-aulatal.de\/wp-content\/uploads\/2015\/03\/20140412_121211-1024x576.jpg 1024w, https:\/\/hausen-aulatal.de\/wp-content\/uploads\/2015\/03\/20140412_121211-300x168.jpg 300w\" sizes=\"(max-width: 720px) 100vw, 720px\" \/><\/p>\n<p>Die 9 St\u00fcck\u00a0Marktst\u00e4nde (2,50 x 2,50 mtr.) und ein Grillstand des Heimatvereins k\u00f6nnen Vereinsmitglieder ausleihen.<\/p>\n<p>&nbsp;<\/p>\n<p>Preis f\u00fcr 3 Tage (Abholung\/Nutzung\/R\u00fcckgabe) betr\u00e4gt \u20ac 30,-, jeder weitere Tag \u20ac 5,- (an dem der Markstand &#8222;aktiv&#8220; genutzt wird). Der Grillstand (mit Dachabzug und verschlie\u00dfbarer Klappe) Kostet pro tag \u20ac 40,- sonst wie vor.<\/p>\n<p>Die Betr\u00e4ge sind bei Abholung in Bar zu zahlen. Der Lagerort ist das Dorfgemeinschaftshaus (Schlachtraum) Hausen. Verantwortlich f\u00fcr die Entleihung ist J\u00f6rg Albert (Tel. 06628\/8209 oder 0178\/4812181)<\/p>\n<p>&nbsp;<\/p>\n<p><a href=\"https:\/\/hausen-aulatal.de\/wp-content\/uploads\/2015\/03\/19.04.01-Mietvertrag-Marktstand.pdf\">19.04.01 Mietvertrag Marktstand<\/a><\/p>\n<p>&nbsp;<\/p>\n<p>&nbsp;<\/p>\n<p>&nbsp;<\/p>\n","protected":false},"excerpt":{"rendered":"<p>\u00a0 Die 9 St\u00fcck\u00a0Marktst\u00e4nde (2,50 x 2,50 mtr.) und ein Grillstand des Heimatvereins k\u00f6nnen Vereinsmitglieder ausleihen. &nbsp; Preis f\u00fcr 3 Tage (Abholung\/Nutzung\/R\u00fcckgabe) betr\u00e4gt \u20ac 30,-, jeder weitere Tag \u20ac 5,- [&hellip;]<\/p>\n","protected":false},"author":2,"featured_media":0,"parent":0,"menu_order":0,"comment_status":"closed","ping_status":"closed","template":"","meta":{"_price":"","_stock":"","_tribe_ticket_header":"","_tribe_default_ticket_provider":"","_tribe_ticket_capacity":"0","_ticket_start_date":"","_ticket_end_date":"","_tribe_ticket_show_description":"","_tribe_ticket_show_not_going":false,"_tribe_ticket_use_global_stock":"","_tribe_ticket_global_stock_level":"","_global_stock_mode":"","_global_stock_cap":"","_tribe_rsvp_for_event":"","_tribe_ticket_going_count":"","_tribe_ticket_not_going_count":"","_tribe_tickets_list":"[]","_tribe_ticket_has_attendee_info_fields":false,"footnotes":"","_tec_slr_enabled":"","_tec_slr_layout":""},"ticketed":false,"_links":{"self":[{"href":"https:\/\/hausen-aulatal.de\/index.php?rest_route=\/wp\/v2\/pages\/3544"}],"collection":[{"href":"https:\/\/hausen-aulatal.de\/index.php?rest_route=\/wp\/v2\/pages"}],"about":[{"href":"https:\/\/hausen-aulatal.de\/index.php?rest_route=\/wp\/v2\/types\/page"}],"author":[{"embeddable":true,"href":"https:\/\/hausen-aulatal.de\/index.php?rest_route=\/wp\/v2\/users\/2"}],"replies":[{"embeddable":true,"href":"https:\/\/hausen-aulatal.de\/index.php?rest_route=%2Fwp%2Fv2%2Fcomments&post=3544"}],"version-history":[{"count":11,"href":"https:\/\/hausen-aulatal.de\/index.php?rest_route=\/wp\/v2\/pages\/3544\/revisions"}],"predecessor-version":[{"id":10464,"href":"https:\/\/hausen-aulatal.de\/index.php?rest_route=\/wp\/v2\/pages\/3544\/revisions\/10464"}],"wp:attachment":[{"href":"https:\/\/hausen-aulatal.de\/index.php?rest_route=%2Fwp%2Fv2%2Fmedia&parent=3544"}],"curies":[{"name":"wp","href":"https:\/\/api.w.org\/{rel}","templated":true}]}}