{"id":3546,"date":"2015-03-14T10:45:19","date_gmt":"2015-03-14T09:45:19","guid":{"rendered":"http:\/\/hausen-aulatal.de\/?page_id=3546"},"modified":"2026-01-08T17:35:46","modified_gmt":"2026-01-08T16:35:46","slug":"heimatverein","status":"publish","type":"page","link":"https:\/\/hausen-aulatal.de\/?page_id=3546","title":{"rendered":"Heimatverein"},"content":{"rendered":"<p><a href=\"https:\/\/hausen-aulatal.de\/wp-content\/uploads\/2026\/01\/Organigramm2023-04-27.png\"><img loading=\"lazy\" decoding=\"async\" class=\"alignnone size-full wp-image-28753\" src=\"https:\/\/hausen-aulatal.de\/wp-content\/uploads\/2026\/01\/Organigramm2023-04-27.png\" alt=\"\" width=\"1310\" height=\"900\" srcset=\"https:\/\/hausen-aulatal.de\/wp-content\/uploads\/2026\/01\/Organigramm2023-04-27.png 1310w, https:\/\/hausen-aulatal.de\/wp-content\/uploads\/2026\/01\/Organigramm2023-04-27-300x206.png 300w, https:\/\/hausen-aulatal.de\/wp-content\/uploads\/2026\/01\/Organigramm2023-04-27-1024x704.png 1024w, https:\/\/hausen-aulatal.de\/wp-content\/uploads\/2026\/01\/Organigramm2023-04-27-768x528.png 768w\" sizes=\"(max-width: 1310px) 100vw, 1310px\" \/><\/a><\/p>\n<p><strong>Hier gibt es den Aufnahmeantrag als PDF Dokument. Unterschrift auf der Vorderseite = eigentlicher Beitritt, Unterschrift auf Seite 2 muss ebenfalls\u00a0 f\u00fcr die Sepa-Einzugserm\u00e4chtigung geleistet werden.<\/strong><\/p>\n<p><strong><a href=\"https:\/\/hausen-aulatal.de\/wp-content\/uploads\/2026\/01\/Beitrittserklaerung-Heimatverein2025.pdf\">Beitrittserklaerung-Heimatverein2025<\/a><\/strong><\/p>\n<div class=\"entry-content\">\n<h4><a href=\"https:\/\/hausen-aulatal.de\/wp-content\/uploads\/2021\/12\/Satzung-Heimatverein-vom-28.01.20210.pdf\">Satzung Heimatverein vom 28.01.20210<\/a><\/h4>\n<hr \/>\n<p><strong><span style=\"color: windowtext;\">Bei den Wahlen zum neuen Vorstand am 27.04.2023 gab es einige Ver\u00e4nderungen. Der Vorstandsposten \u201eBeisitzer\u201c wurde neu geschaffen. Die Personen in Klammern kandidierten nicht mehr f\u00fcr den Vorstand.<\/span><\/strong><\/p>\n<p><strong><span style=\"color: windowtext;\">Zum 1. Vorsitzenden wurde J\u00f6rg Albert einstimmig wieder gew\u00e4hlt. Die beiden Vertreter sind Gert Blumenstiel (Karl-Heinz Klinger) und J\u00fcrgen Eckhardt,<\/span><\/strong><\/p>\n<p><strong><span style=\"color: windowtext;\">Kassierer: Herbert Heinisch (J\u00fcrgen Hahl),<\/span><\/strong><\/p>\n<p><strong><span style=\"color: windowtext;\">Schriftf\u00fchrer: Michael Hellwig (Ewald Peter)<\/span><\/strong><\/p>\n<p><strong><span style=\"color: windowtext;\">Beisitzer: Erwin Albert.<\/span><\/strong><\/p>\n<hr \/>\n<h4 style=\"text-align: justify;\"><strong>Der Hausener Verein f\u00fcr Heimat und Brauchtum e. V. ist mit seinen Vereinsabteilungen: <\/strong><\/h4>\n<h4><strong>Theaterverein &#8222;Kleine B\u00fchne&#8220; Hausen, <\/strong><\/h4>\n<h4><strong>Singkreis Hausen, <\/strong><\/h4>\n<h4><strong>Hiisner Happy Fess, <\/strong><\/h4>\n<h4><strong>Hiisner Seniorentreff, <\/strong><\/h4>\n<h4><strong>Skatfreunde Hausen &#8222;Reizende Jungs&#8220; <\/strong><\/h4>\n<h4><strong>und den Aussch\u00fcssen f\u00fcr die Zukunft gut aufgestellt.<\/strong><\/h4>\n<h3><strong>Weiter Informationen entnehmen sie dieser Homepage.<\/strong><\/h3>\n<\/div>\n","protected":false},"excerpt":{"rendered":"<p>Hier gibt es den Aufnahmeantrag als PDF Dokument. Unterschrift auf der Vorderseite = eigentlicher Beitritt, Unterschrift auf Seite 2 muss ebenfalls\u00a0 f\u00fcr die Sepa-Einzugserm\u00e4chtigung geleistet werden. Beitrittserklaerung-Heimatverein2025 Satzung Heimatverein vom [&hellip;]<\/p>\n","protected":false},"author":2,"featured_media":0,"parent":0,"menu_order":0,"comment_status":"closed","ping_status":"closed","template":"","meta":{"_price":"","_stock":"","_tribe_ticket_header":"","_tribe_default_ticket_provider":"","_tribe_ticket_capacity":"0","_ticket_start_date":"","_ticket_end_date":"","_tribe_ticket_show_description":"","_tribe_ticket_show_not_going":false,"_tribe_ticket_use_global_stock":"","_tribe_ticket_global_stock_level":"","_global_stock_mode":"","_global_stock_cap":"","_tribe_rsvp_for_event":"","_tribe_ticket_going_count":"","_tribe_ticket_not_going_count":"","_tribe_tickets_list":"[]","_tribe_ticket_has_attendee_info_fields":false,"footnotes":"","_tec_slr_enabled":"","_tec_slr_layout":""},"ticketed":false,"_links":{"self":[{"href":"https:\/\/hausen-aulatal.de\/index.php?rest_route=\/wp\/v2\/pages\/3546"}],"collection":[{"href":"https:\/\/hausen-aulatal.de\/index.php?rest_route=\/wp\/v2\/pages"}],"about":[{"href":"https:\/\/hausen-aulatal.de\/index.php?rest_route=\/wp\/v2\/types\/page"}],"author":[{"embeddable":true,"href":"https:\/\/hausen-aulatal.de\/index.php?rest_route=\/wp\/v2\/users\/2"}],"replies":[{"embeddable":true,"href":"https:\/\/hausen-aulatal.de\/index.php?rest_route=%2Fwp%2Fv2%2Fcomments&post=3546"}],"version-history":[{"count":26,"href":"https:\/\/hausen-aulatal.de\/index.php?rest_route=\/wp\/v2\/pages\/3546\/revisions"}],"predecessor-version":[{"id":28759,"href":"https:\/\/hausen-aulatal.de\/index.php?rest_route=\/wp\/v2\/pages\/3546\/revisions\/28759"}],"wp:attachment":[{"href":"https:\/\/hausen-aulatal.de\/index.php?rest_route=%2Fwp%2Fv2%2Fmedia&parent=3546"}],"curies":[{"name":"wp","href":"https:\/\/api.w.org\/{rel}","templated":true}]}}