{"id":359,"date":"2014-03-28T18:41:20","date_gmt":"2014-03-28T17:41:20","guid":{"rendered":"http:\/\/hausen-aulatal.de\/?page_id=359"},"modified":"2014-04-14T22:12:04","modified_gmt":"2014-04-14T20:12:04","slug":"gestuet-hoeny-hof","status":"publish","type":"page","link":"https:\/\/hausen-aulatal.de\/?page_id=359","title":{"rendered":"Gest\u00fct H\u00f6ny-Hof"},"content":{"rendered":"<p>Die Region Kn\u00fcll bietet ideales gem\u00e4\u00dfigtes Klima, hat viel Wald und landwirtschaftliche Fl\u00e4chen. Ein friedlicher Anblick: Auf gro\u00dfen Koppeln in Hausen grasen Pferde. Im Sommer riecht es dann nach Gras und Heu. Jede Menge Weideland \u2013 \u00fcber 35 Hektar, um darauf wertvolles Englisches Vollblut z\u00fcchten zu k\u00f6nnen. Hier befindet sich das Gest\u00fct H\u00f6ny-Hof, sozusagen die Kinderstube von rassigen Fohlen. In dem ihrem Geburtsjahr folgenden Herbst gelangen die jungen Pferde in Trainingsbetriebe und werden dort langsam herangef\u00fchrt, Rennen zu laufen.<\/p>\n<p>Der H\u00f6ny-Hof wurde von Manfred Hellwig gegr\u00fcndet; gebaut wurde von Juni 1999 bis M\u00e4rz 2001. Die Anlage entwarf Architekt Ferdinand Leve, f\u00fcr Detailplanung und Bauleitung zeichnete das Architekturb\u00fcro Sch\u00e4fer in Oberaula verantwortlich. Wegen des Wunsches nach ortstypischer Bebauung wurde Holzfachwerk verwendet.<\/p>\n<p>F\u00fcr die Tiere sah man 26 Boxen in zwei St\u00e4llen vor, f\u00fcr die Stuten mit Fohlen sind die Boxen extra gro\u00df dimensioniert und bereits auf den ersten Blick von bester Qualit\u00e4t. Anstelle von Glas bei den Fenstern der Stallungen, w\u00e4hlten die Planer eine L\u00f6sung mit spezieller Gaze, die optisch von innen und au\u00dfen durchl\u00e4ssig ist, aber den Wind von drau\u00dfen bricht und Zugluft abfedert. Der Betrieb ist optimal ausgestattet, samt Maschinen- und Lagerr\u00e4umen. Das Gest\u00fct verf\u00fcgt \u00fcber eine Reihe von verschieden angelegten Paddocks. Eine F\u00fchrmaschine erleichtert die Vorbereitung der J\u00e4hrlinge vor dem Einzug in den Rennstall.<\/p>\n<p>Viele Pokale zeugen vom Zuchterfolg in relativ kurzer Zeit und pr\u00e4sentieren eine gro\u00dfe Anzahl gewonnener renommierter Rennen im In- und Ausland. Ein Vorzeigepferd aus dem Gest\u00fct ist beispielsweise die Stute \u201eSalve Regina\u201c, Champion der 3j\u00e4hrigen Stuten 2003. Sie gewann in ihrer Klasse die \u201eDiana \u2013 Deutsches Stuten-Derby\u201c im Juni 2002 im M\u00fclheim\/Ruhr. Im Hamburger Deutschen Derby gab es dann gleich im Folgemonat einen 2. Platz. Dasselbe erreichte sie ebenfalls im Gro\u00dfen Preis von Baden-Baden. Seit 2003 befindet sich \u201eSalve Regina\u201c als Zuchtstute im H\u00f6ny-Hof und hat sechs Stutfohlen zur Welt gebracht.<\/p>\n<p>F\u00fcr das Gest\u00fct hat der Hengst \u201eMartillo\u201c (auf Spanisch \u201eder Hammer\u201c) hervorragend gefightet. Er war Champion-Meiler 1.600 m in 2003\/2004. Dieser Sieger-Typ lief erfolgreich mehrere internationale Rennen, platzierte sich unter anderem in Ascot, Dubai und Hongkong. Er siegte beispielsweise beim Prix du Muguet in Saint-Cloud (F) am 1. Mai 2004 und ebenfalls im folgenden Jahr und best\u00e4tigte damit die erfolgreiche Arbeit auf dem H\u00f6ny-Hof. Martillo ist seit 2006 als Deckhengst aufgestellt, zun\u00e4chst in\u00a0 Frankreich, seit 2007 im Gest\u00fct Zoppenbroich und ist Vater von mehreren internationalen Siegern.<\/p>\n<p>Bis Anfang 2010 haben im Gest\u00fct H\u00f6ny-Hof gezogene Pferde ca. 150 Rennen gewonnen,\u00a0\u00a0\u00a0\u00a0 \u00a0u. a. Salve Germania \u2013 jetzt Top-Stute in USA und Miss Europa \u2013 Top-Stute in Europa in 2009.<\/p>\n<p>&nbsp;<\/p>\n<p><a href=\"https:\/\/hausen-aulatal.de\/?page_id=61\">Zur\u00fcck zum Rundgang durch Hausen<\/a><\/p>\n","protected":false},"excerpt":{"rendered":"<p>Die Region Kn\u00fcll bietet ideales gem\u00e4\u00dfigtes Klima, hat viel Wald und landwirtschaftliche Fl\u00e4chen. Ein friedlicher Anblick: Auf gro\u00dfen Koppeln in Hausen grasen Pferde. Im Sommer riecht es dann nach Gras [&hellip;]<\/p>\n","protected":false},"author":3,"featured_media":0,"parent":61,"menu_order":0,"comment_status":"closed","ping_status":"closed","template":"","meta":{"_price":"","_stock":"","_tribe_ticket_header":"","_tribe_default_ticket_provider":"","_tribe_ticket_capacity":"0","_ticket_start_date":"","_ticket_end_date":"","_tribe_ticket_show_description":"","_tribe_ticket_show_not_going":false,"_tribe_ticket_use_global_stock":"","_tribe_ticket_global_stock_level":"","_global_stock_mode":"","_global_stock_cap":"","_tribe_rsvp_for_event":"","_tribe_ticket_going_count":"","_tribe_ticket_not_going_count":"","_tribe_tickets_list":"[]","_tribe_ticket_has_attendee_info_fields":false,"footnotes":"","_tec_slr_enabled":"","_tec_slr_layout":""},"ticketed":false,"_links":{"self":[{"href":"https:\/\/hausen-aulatal.de\/index.php?rest_route=\/wp\/v2\/pages\/359"}],"collection":[{"href":"https:\/\/hausen-aulatal.de\/index.php?rest_route=\/wp\/v2\/pages"}],"about":[{"href":"https:\/\/hausen-aulatal.de\/index.php?rest_route=\/wp\/v2\/types\/page"}],"author":[{"embeddable":true,"href":"https:\/\/hausen-aulatal.de\/index.php?rest_route=\/wp\/v2\/users\/3"}],"replies":[{"embeddable":true,"href":"https:\/\/hausen-aulatal.de\/index.php?rest_route=%2Fwp%2Fv2%2Fcomments&post=359"}],"version-history":[{"count":2,"href":"https:\/\/hausen-aulatal.de\/index.php?rest_route=\/wp\/v2\/pages\/359\/revisions"}],"predecessor-version":[{"id":541,"href":"https:\/\/hausen-aulatal.de\/index.php?rest_route=\/wp\/v2\/pages\/359\/revisions\/541"}],"up":[{"embeddable":true,"href":"https:\/\/hausen-aulatal.de\/index.php?rest_route=\/wp\/v2\/pages\/61"}],"wp:attachment":[{"href":"https:\/\/hausen-aulatal.de\/index.php?rest_route=%2Fwp%2Fv2%2Fmedia&parent=359"}],"curies":[{"name":"wp","href":"https:\/\/api.w.org\/{rel}","templated":true}]}}