{"id":42,"date":"2014-03-11T23:12:51","date_gmt":"2014-03-11T22:12:51","guid":{"rendered":"http:\/\/hausen-aulatal.de\/?page_id=42"},"modified":"2024-10-04T10:38:59","modified_gmt":"2024-10-04T08:38:59","slug":"weblinks","status":"publish","type":"page","link":"https:\/\/hausen-aulatal.de\/?page_id=42","title":{"rendered":"Weblinks"},"content":{"rendered":"<p>Auch andere Webseiten sind interessant, hier ein paar Weblinks:<\/p>\n<ul>\n<li><a title=\"Gemeinde Oberaula\" href=\"http:\/\/www.oberaula.de\" target=\"_blank\" rel=\"noopener noreferrer\">Gemeinde Oberaula<\/a><\/li>\n<li><a title=\"Kindergarten Sonnenschein\" href=\"https:\/\/www.oberaula.de\/verzeichnis\/visitenkarte.php?mandat=116520\">Kindergarten Sonnenschein<\/a><\/li>\n<li><a title=\"Kindergarten Sonnenschein\" href=\"https:\/\/www.oberaula.de\/verzeichnis\/visitenkarte.php?mandat=226941\">Waldkindertagesst\u00e4tte Aulataler Waldf\u00fcchse<\/a><\/li>\n<li><a title=\"Gemeindeb\u00fccherei Oberaula\" href=\"https:\/\/www.oberaula.de\/verzeichnis\/visitenkarte.php?mandat=116743\">Gemeindeb\u00fccherei Oberaula<\/a><\/li>\n<li><a href=\"https:\/\/kurhessischer-golfclub.de\/\">Kurhessischer Golfclub<\/a><\/li>\n<li><a href=\"http:\/\/www.golf-oberaula.de\/webcam\">Webcam vom Kurhessischen Golfclub (www.golf-oberaula.de\/webcam)<\/a><\/li>\n<li><a href=\"https:\/\/www.ekkw.de\/index.php\">Evangelische Kirche von Kurhessen-Waldeck<\/a><\/li>\n<li><a href=\"http:\/\/www.ekkw.de\/ziegenhain\/\">Kirchenkreis Ziegenhain<\/a><\/li>\n<li><a href=\"http:\/\/www.mtc-aulatal.de\/\">MTC Aulatal (http:\/\/www.mtc-aulatal.de)<\/a><\/li>\n<li><a href=\"http:\/\/www.rotkaeppchenland.nordhessen.de\/de\/index\">Rotk\u00e4ppchenland (http:\/\/www.rotkaeppchenland.nordhessen.de\/de\/index)<\/a><\/li>\n<li><a href=\"http:\/\/www.bahntrassenradwege.de\/index.php?page=Bahnradweg+Rotk%C3%A4ppchenland\">Bahnradweg Rotk\u00e4ppchenland (http:\/\/www.bahntrassenradwege.de\/index.php?page=86)<\/a><\/li>\n<li><a href=\"http:\/\/www.nordhessen.de\/de\">Grimm Heimat Nordhessen (http:\/\/www.nordhessen.de\/de)<\/a><\/li>\n<li><a href=\"http:\/\/www.hotelzumstern.de\">Hotel zum Stern (http:\/\/www.hotelzumstern.de<\/a><\/li>\n<li><a href=\"http:\/\/www.gestuet-hoeny-hof.de\">Gest\u00fct H\u00f6ny-Hof (http:\/\/www.gestuet-hoeny-hof.de)<\/a><\/li>\n<li><a href=\"http:\/\/www.lagis-hessen.de\/de\/subjects\/gsrec\/id\/4605\/current\/18\/sn\/ol?q=Hausen\">Historisches Ortslexikon: Hausen<\/a><\/li>\n<li><a href=\"http:\/\/regiowiki.hna.de\/Hausen_%28Oberaula%29\">Regiowiki: Hausen<\/a><\/li>\n<li><a href=\"http:\/\/de.wikipedia.org\/wiki\/D%C3%B6rnberg_%28Adelsgeschlecht%29\">Wikipedia: Freiherren von D\u00f6rnberg<\/a><\/li>\n<li><a href=\"http:\/\/www.lebens-und-arbeitskreis-hausen.de\/\">Lebens- und <\/a><a href=\"http:\/\/www.lebens-und-arbeitskreis-hausen.de\/\">Arbeitskreis Hausen e.V.<\/a><\/li>\n<li><a href=\"http:\/\/www.tc-oberaula.de\">Tennisclub Oberaula<\/a> <span style=\"color: #3366ff;\">(tc-oberaula.de)<\/span><\/li>\n<li><a href=\"http:\/\/www.novasol.de\/urlaubswelt\/ferienparks\/ferienhaus-doerfer-deutschland\/aulatal.html\">Novasol-Ferienh\u00e4user in Hausen mieten<\/a><\/li>\n<li><a href=\"https:\/\/www.vlh.de\/bst\/3493\/\">Lohnsteuerhilfeverein in Hausen<\/a><\/li>\n<li><a href=\"https:\/\/hausen-aulatal.de\/wp-content\/uploads\/2017\/08\/Fahrplan-B\u00fcrgerbus-376.pdf\">Fahrplan B\u00fcrgerbus 376<\/a><\/li>\n<li><a href=\"https:\/\/www.hpob.de\/\">Naturheilpraxis Corinna Schwarz<\/a><\/li>\n<li><a href=\"https:\/\/www.lebenskuehe.de\/Lebenstiere\/Lebenskuehe\/\">Angus-Lebenshof Aulatal<\/a><\/li>\n<\/ul>\n","protected":false},"excerpt":{"rendered":"<p>Auch andere Webseiten sind interessant, hier ein paar Weblinks: Gemeinde Oberaula Kindergarten Sonnenschein Waldkindertagesst\u00e4tte Aulataler Waldf\u00fcchse Gemeindeb\u00fccherei Oberaula Kurhessischer Golfclub Webcam vom Kurhessischen Golfclub (www.golf-oberaula.de\/webcam) Evangelische Kirche von Kurhessen-Waldeck Kirchenkreis [&hellip;]<\/p>\n","protected":false},"author":1,"featured_media":0,"parent":0,"menu_order":3,"comment_status":"closed","ping_status":"open","template":"","meta":{"_price":"","_stock":"","_tribe_ticket_header":"","_tribe_default_ticket_provider":"","_tribe_ticket_capacity":"0","_ticket_start_date":"","_ticket_end_date":"","_tribe_ticket_show_description":"","_tribe_ticket_show_not_going":false,"_tribe_ticket_use_global_stock":"","_tribe_ticket_global_stock_level":"","_global_stock_mode":"","_global_stock_cap":"","_tribe_rsvp_for_event":"","_tribe_ticket_going_count":"","_tribe_ticket_not_going_count":"","_tribe_tickets_list":"[]","_tribe_ticket_has_attendee_info_fields":false,"footnotes":"","_tec_slr_enabled":"","_tec_slr_layout":""},"ticketed":false,"_links":{"self":[{"href":"https:\/\/hausen-aulatal.de\/index.php?rest_route=\/wp\/v2\/pages\/42"}],"collection":[{"href":"https:\/\/hausen-aulatal.de\/index.php?rest_route=\/wp\/v2\/pages"}],"about":[{"href":"https:\/\/hausen-aulatal.de\/index.php?rest_route=\/wp\/v2\/types\/page"}],"author":[{"embeddable":true,"href":"https:\/\/hausen-aulatal.de\/index.php?rest_route=\/wp\/v2\/users\/1"}],"replies":[{"embeddable":true,"href":"https:\/\/hausen-aulatal.de\/index.php?rest_route=%2Fwp%2Fv2%2Fcomments&post=42"}],"version-history":[{"count":54,"href":"https:\/\/hausen-aulatal.de\/index.php?rest_route=\/wp\/v2\/pages\/42\/revisions"}],"predecessor-version":[{"id":25272,"href":"https:\/\/hausen-aulatal.de\/index.php?rest_route=\/wp\/v2\/pages\/42\/revisions\/25272"}],"wp:attachment":[{"href":"https:\/\/hausen-aulatal.de\/index.php?rest_route=%2Fwp%2Fv2%2Fmedia&parent=42"}],"curies":[{"name":"wp","href":"https:\/\/api.w.org\/{rel}","templated":true}]}}