{"id":7203,"date":"2017-02-12T15:03:42","date_gmt":"2017-02-12T14:03:42","guid":{"rendered":"http:\/\/hausen-aulatal.de\/?page_id=7203"},"modified":"2019-04-28T11:04:03","modified_gmt":"2019-04-28T09:04:03","slug":"friedhof-hausen-mit-leichenhalle-aussegnungshalle","status":"publish","type":"page","link":"https:\/\/hausen-aulatal.de\/?page_id=7203","title":{"rendered":"Friedhof Hausen mit Leichenhalle \/ Aussegnungshalle"},"content":{"rendered":"<p>Auf dem Friedhof in Hausen k\u00f6nnen folgende Bestattungen vorgenommen werden:<\/p>\n<p><strong>1. Reihengrabst\u00e4tten (30 j\u00e4hrige Ruhefrist)\u00a0 f\u00fcr:<\/strong><\/p>\n<p>a) Erwachsene Einzelergrabst\u00e4tten<br \/>\nb) Rasenreihengrabst\u00e4tten<br \/>\nc) Kinder bis zu 5 Jahren<br \/>\nd) Urnenreihengrabst\u00e4tten<br \/>\ne) anonyme Urnengrabst\u00e4tten<\/p>\n<p><strong>2. Wahlgrabst\u00e4tten (Doppelgr\u00e4ber)<\/strong><br \/>\naa) Wahlgrabst\u00e4tten je Grabstelle<br \/>\nmit 30 j\u00e4hriger Nutzungsdauer<br \/>\nbb) Urnen-Wahlgrabst\u00e4tten<br \/>\nmit 30 j\u00e4hriger Nutzungsdauer (bis 2 Urnen \/ bis max. 5 Urnen)<\/p>\n<p>Infos zur Ausf\u00fchrung und Preisen am Ende der Seite.<\/p>\n<p>Doppelgr\u00e4ber<\/p>\n<p><a href=\"https:\/\/hausen-aulatal.de\/wp-content\/uploads\/2014\/03\/Friedhof1.jpg\"><img loading=\"lazy\" decoding=\"async\" class=\"aligncenter  wp-image-7198\" alt=\"Friedhof1\" src=\"https:\/\/hausen-aulatal.de\/wp-content\/uploads\/2014\/03\/Friedhof1-1024x575.jpg\" width=\"571\" height=\"320\" srcset=\"https:\/\/hausen-aulatal.de\/wp-content\/uploads\/2014\/03\/Friedhof1-1024x575.jpg 1024w, https:\/\/hausen-aulatal.de\/wp-content\/uploads\/2014\/03\/Friedhof1-300x168.jpg 300w, https:\/\/hausen-aulatal.de\/wp-content\/uploads\/2014\/03\/Friedhof1.jpg 1500w\" sizes=\"(max-width: 571px) 100vw, 571px\" \/><\/a><\/p>\n<p>Einzelgrabstellen<\/p>\n<p>&nbsp;<\/p>\n<p><a href=\"https:\/\/hausen-aulatal.de\/wp-content\/uploads\/2014\/03\/Friedhof2.jpg\"><img loading=\"lazy\" decoding=\"async\" class=\"aligncenter  wp-image-7201\" alt=\"Friedhof2\" src=\"https:\/\/hausen-aulatal.de\/wp-content\/uploads\/2014\/03\/Friedhof2-1024x575.jpg\" width=\"542\" height=\"304\" srcset=\"https:\/\/hausen-aulatal.de\/wp-content\/uploads\/2014\/03\/Friedhof2-1024x575.jpg 1024w, https:\/\/hausen-aulatal.de\/wp-content\/uploads\/2014\/03\/Friedhof2-300x168.jpg 300w, https:\/\/hausen-aulatal.de\/wp-content\/uploads\/2014\/03\/Friedhof2.jpg 1500w\" sizes=\"(max-width: 542px) 100vw, 542px\" \/><\/a><\/p>\n<p>Neue Grabfelder, in der Ecke hinten rechts wurden 2018 Rasenreihengrabst\u00e4tten angelegt.<\/p>\n<p><a href=\"https:\/\/hausen-aulatal.de\/wp-content\/uploads\/2017\/02\/Friedhof5.jpg\"><img loading=\"lazy\" decoding=\"async\" class=\"aligncenter  wp-image-7206\" alt=\"Friedhof5\" src=\"https:\/\/hausen-aulatal.de\/wp-content\/uploads\/2017\/02\/Friedhof5-1024x575.jpg\" width=\"550\" height=\"308\" srcset=\"https:\/\/hausen-aulatal.de\/wp-content\/uploads\/2017\/02\/Friedhof5-1024x575.jpg 1024w, https:\/\/hausen-aulatal.de\/wp-content\/uploads\/2017\/02\/Friedhof5-300x168.jpg 300w, https:\/\/hausen-aulatal.de\/wp-content\/uploads\/2017\/02\/Friedhof5.jpg 1500w\" sizes=\"(max-width: 550px) 100vw, 550px\" \/><\/a><\/p>\n<p>&nbsp;<\/p>\n<p>Bereich der Urnengr\u00e4ber<\/p>\n<p><a href=\"https:\/\/hausen-aulatal.de\/wp-content\/uploads\/2014\/03\/Friedhof4.jpg\"><img loading=\"lazy\" decoding=\"async\" class=\"aligncenter  wp-image-7200\" alt=\"Friedhof4\" src=\"https:\/\/hausen-aulatal.de\/wp-content\/uploads\/2014\/03\/Friedhof4-1024x575.jpg\" width=\"507\" height=\"284\" srcset=\"https:\/\/hausen-aulatal.de\/wp-content\/uploads\/2014\/03\/Friedhof4-1024x575.jpg 1024w, https:\/\/hausen-aulatal.de\/wp-content\/uploads\/2014\/03\/Friedhof4-300x168.jpg 300w, https:\/\/hausen-aulatal.de\/wp-content\/uploads\/2014\/03\/Friedhof4.jpg 1500w\" sizes=\"(max-width: 507px) 100vw, 507px\" \/><\/a><\/p>\n<p>Das Pflegeteam an der neuen Wasserstelle, links neben der Ger\u00e4teh\u00fctte befindet sich das\u00a0anonymen Grabfeld<\/p>\n<p><a href=\"https:\/\/hausen-aulatal.de\/wp-content\/uploads\/2014\/03\/Friedhof3.jpg\"><img loading=\"lazy\" decoding=\"async\" class=\"aligncenter  wp-image-7199\" alt=\"Friedhof3\" src=\"https:\/\/hausen-aulatal.de\/wp-content\/uploads\/2014\/03\/Friedhof3-1024x575.jpg\" width=\"506\" height=\"283\" srcset=\"https:\/\/hausen-aulatal.de\/wp-content\/uploads\/2014\/03\/Friedhof3-1024x575.jpg 1024w, https:\/\/hausen-aulatal.de\/wp-content\/uploads\/2014\/03\/Friedhof3-300x168.jpg 300w, https:\/\/hausen-aulatal.de\/wp-content\/uploads\/2014\/03\/Friedhof3.jpg 1500w\" sizes=\"(max-width: 506px) 100vw, 506px\" \/><\/a><\/p>\n<p>Leichenhalle \/ Aussegnungshalle<\/p>\n<p><a href=\"https:\/\/hausen-aulatal.de\/wp-content\/uploads\/2017\/02\/Aussegnungshalle2.jpg\"><img loading=\"lazy\" decoding=\"async\" class=\"aligncenter  wp-image-7207\" alt=\"Aussegnungshalle2\" src=\"https:\/\/hausen-aulatal.de\/wp-content\/uploads\/2017\/02\/Aussegnungshalle2-1024x575.jpg\" width=\"504\" height=\"282\" srcset=\"https:\/\/hausen-aulatal.de\/wp-content\/uploads\/2017\/02\/Aussegnungshalle2-1024x575.jpg 1024w, https:\/\/hausen-aulatal.de\/wp-content\/uploads\/2017\/02\/Aussegnungshalle2-300x168.jpg 300w, https:\/\/hausen-aulatal.de\/wp-content\/uploads\/2017\/02\/Aussegnungshalle2.jpg 1500w\" sizes=\"(max-width: 504px) 100vw, 504px\" \/><\/a> <a href=\"https:\/\/hausen-aulatal.de\/wp-content\/uploads\/2017\/02\/Aussegnungshalle1.jpg\"><img loading=\"lazy\" decoding=\"async\" class=\"aligncenter  wp-image-7208\" alt=\"Aussegnungshalle1\" src=\"https:\/\/hausen-aulatal.de\/wp-content\/uploads\/2017\/02\/Aussegnungshalle1-1024x575.jpg\" width=\"502\" height=\"281\" srcset=\"https:\/\/hausen-aulatal.de\/wp-content\/uploads\/2017\/02\/Aussegnungshalle1-1024x575.jpg 1024w, https:\/\/hausen-aulatal.de\/wp-content\/uploads\/2017\/02\/Aussegnungshalle1-300x168.jpg 300w, https:\/\/hausen-aulatal.de\/wp-content\/uploads\/2017\/02\/Aussegnungshalle1.jpg 1500w\" sizes=\"(max-width: 502px) 100vw, 502px\" \/><\/a><\/p>\n<p>&nbsp;<\/p>\n<p><a href=\"https:\/\/hausen-aulatal.de\/wp-content\/uploads\/2017\/02\/friedhofsgebc3bchrenordnung_2014.pdf\">friedhofsgebc3bchrenordnung_2014<\/a><\/p>\n<p><a href=\"https:\/\/hausen-aulatal.de\/wp-content\/uploads\/2017\/02\/Friedhofsgeb_hrenordnung_I._Nachtrag_2016.pdf\">Friedhofsgeb_hrenordnung_I._Nachtrag_2016<\/a><\/p>\n","protected":false},"excerpt":{"rendered":"<p>Auf dem Friedhof in Hausen k\u00f6nnen folgende Bestattungen vorgenommen werden: 1. Reihengrabst\u00e4tten (30 j\u00e4hrige Ruhefrist)\u00a0 f\u00fcr: a) Erwachsene Einzelergrabst\u00e4tten b) Rasenreihengrabst\u00e4tten c) Kinder bis zu 5 Jahren d) Urnenreihengrabst\u00e4tten e) [&hellip;]<\/p>\n","protected":false},"author":2,"featured_media":0,"parent":0,"menu_order":0,"comment_status":"open","ping_status":"closed","template":"","meta":{"_price":"","_stock":"","_tribe_ticket_header":"","_tribe_default_ticket_provider":"","_tribe_ticket_capacity":"0","_ticket_start_date":"","_ticket_end_date":"","_tribe_ticket_show_description":"","_tribe_ticket_show_not_going":false,"_tribe_ticket_use_global_stock":"","_tribe_ticket_global_stock_level":"","_global_stock_mode":"","_global_stock_cap":"","_tribe_rsvp_for_event":"","_tribe_ticket_going_count":"","_tribe_ticket_not_going_count":"","_tribe_tickets_list":"[]","_tribe_ticket_has_attendee_info_fields":false,"footnotes":"","_tec_slr_enabled":"","_tec_slr_layout":""},"ticketed":false,"_links":{"self":[{"href":"https:\/\/hausen-aulatal.de\/index.php?rest_route=\/wp\/v2\/pages\/7203"}],"collection":[{"href":"https:\/\/hausen-aulatal.de\/index.php?rest_route=\/wp\/v2\/pages"}],"about":[{"href":"https:\/\/hausen-aulatal.de\/index.php?rest_route=\/wp\/v2\/types\/page"}],"author":[{"embeddable":true,"href":"https:\/\/hausen-aulatal.de\/index.php?rest_route=\/wp\/v2\/users\/2"}],"replies":[{"embeddable":true,"href":"https:\/\/hausen-aulatal.de\/index.php?rest_route=%2Fwp%2Fv2%2Fcomments&post=7203"}],"version-history":[{"count":6,"href":"https:\/\/hausen-aulatal.de\/index.php?rest_route=\/wp\/v2\/pages\/7203\/revisions"}],"predecessor-version":[{"id":10637,"href":"https:\/\/hausen-aulatal.de\/index.php?rest_route=\/wp\/v2\/pages\/7203\/revisions\/10637"}],"wp:attachment":[{"href":"https:\/\/hausen-aulatal.de\/index.php?rest_route=%2Fwp%2Fv2%2Fmedia&parent=7203"}],"curies":[{"name":"wp","href":"https:\/\/api.w.org\/{rel}","templated":true}]}}