{"id":7632,"date":"2017-06-11T16:58:16","date_gmt":"2017-06-11T14:58:16","guid":{"rendered":"http:\/\/hausen-aulatal.de\/?page_id=7632"},"modified":"2017-06-11T18:35:17","modified_gmt":"2017-06-11T16:35:17","slug":"rollertruppe","status":"publish","type":"page","link":"https:\/\/hausen-aulatal.de\/?page_id=7632","title":{"rendered":"Rollertruppe"},"content":{"rendered":"<p>Nach 2014 haben wieder 10 Mann eine Reise nach Brotterode angetreten.<\/p>\n<p>Es wurde auf zwei und drei R\u00e4dern, mit Roller und Motorrad \u00fcber Landstra\u00dfe mit vielen Zwishstopps gefahren.<\/p>\n<p>Am 10.06.2017 am Ziel angekommen wurden wir von Heike und Armin Hofmann aufs herzlichste im Hotel Waldschl\u00f6sschen empfangen.<\/p>\n<p>http:\/\/www.landhotel-waldschl\u00f6sschen.de<\/p>\n<p>Nach einem geselligen Abend und einem reichhaltigem Fr\u00fchst\u00fcck ging es am 11.06.2017 wieder auf die Heimreise.<\/p>\n<p>Herzlichen Dank unserem Streckenf\u00fchrer Frank Schreiber, Dirk Fleischmann f\u00fcr die Fahrt im Servicefahrzeug und Heike und Armin mit Team f\u00fcr die Bewirtung.<\/p>\n<p>Die Traditionsfahrt 2018 findet am 9.+10. Juni statt.<\/p>\n<p><a href=\"https:\/\/hausen-aulatal.de\/wp-content\/uploads\/2017\/06\/Abfahrt2.jpg\"><img loading=\"lazy\" decoding=\"async\" class=\"aligncenter size-large wp-image-7661\" alt=\"Abfahrt\" src=\"https:\/\/hausen-aulatal.de\/wp-content\/uploads\/2017\/06\/Abfahrt2-1024x366.jpg\" width=\"720\" height=\"257\" srcset=\"https:\/\/hausen-aulatal.de\/wp-content\/uploads\/2017\/06\/Abfahrt2-1024x366.jpg 1024w, https:\/\/hausen-aulatal.de\/wp-content\/uploads\/2017\/06\/Abfahrt2-300x107.jpg 300w, https:\/\/hausen-aulatal.de\/wp-content\/uploads\/2017\/06\/Abfahrt2.jpg 1500w\" sizes=\"(max-width: 720px) 100vw, 720px\" \/><\/a>\u00a0 \u00a0 <a href=\"https:\/\/hausen-aulatal.de\/wp-content\/uploads\/2017\/06\/20170610_121050.jpg\"><img loading=\"lazy\" decoding=\"async\" class=\"aligncenter size-large wp-image-7640\" alt=\"20170610_121050\" src=\"https:\/\/hausen-aulatal.de\/wp-content\/uploads\/2017\/06\/20170610_121050-1024x768.jpg\" width=\"720\" height=\"540\" srcset=\"https:\/\/hausen-aulatal.de\/wp-content\/uploads\/2017\/06\/20170610_121050-1024x768.jpg 1024w, https:\/\/hausen-aulatal.de\/wp-content\/uploads\/2017\/06\/20170610_121050-300x225.jpg 300w, https:\/\/hausen-aulatal.de\/wp-content\/uploads\/2017\/06\/20170610_121050.jpg 2016w\" sizes=\"(max-width: 720px) 100vw, 720px\" \/><\/a><\/p>\n<p style=\"text-align: center;\">Rast in Gerstugen<a href=\"https:\/\/hausen-aulatal.de\/wp-content\/uploads\/2017\/06\/20170610_125642.jpg\"><img loading=\"lazy\" decoding=\"async\" class=\"aligncenter size-large wp-image-7641\" alt=\"20170610_125642\" src=\"https:\/\/hausen-aulatal.de\/wp-content\/uploads\/2017\/06\/20170610_125642-1024x768.jpg\" width=\"720\" height=\"540\" srcset=\"https:\/\/hausen-aulatal.de\/wp-content\/uploads\/2017\/06\/20170610_125642-1024x768.jpg 1024w, https:\/\/hausen-aulatal.de\/wp-content\/uploads\/2017\/06\/20170610_125642-300x225.jpg 300w, https:\/\/hausen-aulatal.de\/wp-content\/uploads\/2017\/06\/20170610_125642.jpg 2016w\" sizes=\"(max-width: 720px) 100vw, 720px\" \/><\/a> <a href=\"https:\/\/hausen-aulatal.de\/wp-content\/uploads\/2017\/06\/20170610_130328.jpg\"><img loading=\"lazy\" decoding=\"async\" class=\"aligncenter size-large wp-image-7642\" alt=\"20170610_130328\" src=\"https:\/\/hausen-aulatal.de\/wp-content\/uploads\/2017\/06\/20170610_130328-1024x768.jpg\" width=\"720\" height=\"540\" srcset=\"https:\/\/hausen-aulatal.de\/wp-content\/uploads\/2017\/06\/20170610_130328-1024x768.jpg 1024w, https:\/\/hausen-aulatal.de\/wp-content\/uploads\/2017\/06\/20170610_130328-300x225.jpg 300w, https:\/\/hausen-aulatal.de\/wp-content\/uploads\/2017\/06\/20170610_130328.jpg 2016w\" sizes=\"(max-width: 720px) 100vw, 720px\" \/><\/a> <a href=\"https:\/\/hausen-aulatal.de\/wp-content\/uploads\/2017\/06\/20170610_130409.jpg\"><img loading=\"lazy\" decoding=\"async\" class=\"aligncenter size-large wp-image-7643\" alt=\"20170610_130409\" src=\"https:\/\/hausen-aulatal.de\/wp-content\/uploads\/2017\/06\/20170610_130409-1024x768.jpg\" width=\"720\" height=\"540\" srcset=\"https:\/\/hausen-aulatal.de\/wp-content\/uploads\/2017\/06\/20170610_130409-1024x768.jpg 1024w, https:\/\/hausen-aulatal.de\/wp-content\/uploads\/2017\/06\/20170610_130409-300x225.jpg 300w, https:\/\/hausen-aulatal.de\/wp-content\/uploads\/2017\/06\/20170610_130409.jpg 2016w\" sizes=\"(max-width: 720px) 100vw, 720px\" \/><\/a> <a href=\"https:\/\/hausen-aulatal.de\/wp-content\/uploads\/2017\/06\/20170610_145908.jpg\"><img loading=\"lazy\" decoding=\"async\" class=\"aligncenter size-large wp-image-7644\" alt=\"20170610_145908\" src=\"https:\/\/hausen-aulatal.de\/wp-content\/uploads\/2017\/06\/20170610_145908-1024x768.jpg\" width=\"720\" height=\"540\" srcset=\"https:\/\/hausen-aulatal.de\/wp-content\/uploads\/2017\/06\/20170610_145908-1024x768.jpg 1024w, https:\/\/hausen-aulatal.de\/wp-content\/uploads\/2017\/06\/20170610_145908-300x225.jpg 300w, https:\/\/hausen-aulatal.de\/wp-content\/uploads\/2017\/06\/20170610_145908.jpg 2016w\" sizes=\"(max-width: 720px) 100vw, 720px\" \/><\/a> <a href=\"https:\/\/hausen-aulatal.de\/wp-content\/uploads\/2017\/06\/20170610_150051.jpg\"><img loading=\"lazy\" decoding=\"async\" class=\"aligncenter size-large wp-image-7645\" alt=\"20170610_150051\" src=\"https:\/\/hausen-aulatal.de\/wp-content\/uploads\/2017\/06\/20170610_150051-1024x768.jpg\" width=\"720\" height=\"540\" srcset=\"https:\/\/hausen-aulatal.de\/wp-content\/uploads\/2017\/06\/20170610_150051-1024x768.jpg 1024w, https:\/\/hausen-aulatal.de\/wp-content\/uploads\/2017\/06\/20170610_150051-300x225.jpg 300w, https:\/\/hausen-aulatal.de\/wp-content\/uploads\/2017\/06\/20170610_150051.jpg 2016w\" sizes=\"(max-width: 720px) 100vw, 720px\" \/><\/a> <a href=\"https:\/\/hausen-aulatal.de\/wp-content\/uploads\/2017\/06\/20170610_150150.jpg\"><img loading=\"lazy\" decoding=\"async\" class=\"aligncenter size-large wp-image-7646\" alt=\"20170610_150150\" src=\"https:\/\/hausen-aulatal.de\/wp-content\/uploads\/2017\/06\/20170610_150150-1024x768.jpg\" width=\"720\" height=\"540\" srcset=\"https:\/\/hausen-aulatal.de\/wp-content\/uploads\/2017\/06\/20170610_150150-1024x768.jpg 1024w, https:\/\/hausen-aulatal.de\/wp-content\/uploads\/2017\/06\/20170610_150150-300x225.jpg 300w, https:\/\/hausen-aulatal.de\/wp-content\/uploads\/2017\/06\/20170610_150150.jpg 2016w\" sizes=\"(max-width: 720px) 100vw, 720px\" \/><\/a> <a href=\"https:\/\/hausen-aulatal.de\/wp-content\/uploads\/2017\/06\/20170610_150241.jpg\"><img loading=\"lazy\" decoding=\"async\" class=\"aligncenter size-large wp-image-7647\" alt=\"20170610_150241\" src=\"https:\/\/hausen-aulatal.de\/wp-content\/uploads\/2017\/06\/20170610_150241-1024x768.jpg\" width=\"720\" height=\"540\" srcset=\"https:\/\/hausen-aulatal.de\/wp-content\/uploads\/2017\/06\/20170610_150241-1024x768.jpg 1024w, https:\/\/hausen-aulatal.de\/wp-content\/uploads\/2017\/06\/20170610_150241-300x225.jpg 300w, https:\/\/hausen-aulatal.de\/wp-content\/uploads\/2017\/06\/20170610_150241.jpg 2016w\" sizes=\"(max-width: 720px) 100vw, 720px\" \/><\/a><\/p>\n<p style=\"text-align: center;\">Rast auf dem &#8222;gro\u00dfen Inselsberg&#8220;<a href=\"https:\/\/hausen-aulatal.de\/wp-content\/uploads\/2017\/06\/20170610_160053.jpg\"><img loading=\"lazy\" decoding=\"async\" class=\"aligncenter size-large wp-image-7648\" alt=\"20170610_160053\" src=\"https:\/\/hausen-aulatal.de\/wp-content\/uploads\/2017\/06\/20170610_160053-1024x768.jpg\" width=\"720\" height=\"540\" srcset=\"https:\/\/hausen-aulatal.de\/wp-content\/uploads\/2017\/06\/20170610_160053-1024x768.jpg 1024w, https:\/\/hausen-aulatal.de\/wp-content\/uploads\/2017\/06\/20170610_160053-300x225.jpg 300w, https:\/\/hausen-aulatal.de\/wp-content\/uploads\/2017\/06\/20170610_160053.jpg 2016w\" sizes=\"(max-width: 720px) 100vw, 720px\" \/><\/a> <a href=\"https:\/\/hausen-aulatal.de\/wp-content\/uploads\/2017\/06\/20170610_162026.jpg\"><img loading=\"lazy\" decoding=\"async\" class=\"aligncenter size-large wp-image-7649\" alt=\"20170610_162026\" src=\"https:\/\/hausen-aulatal.de\/wp-content\/uploads\/2017\/06\/20170610_162026-768x1024.jpg\" width=\"720\" height=\"960\" srcset=\"https:\/\/hausen-aulatal.de\/wp-content\/uploads\/2017\/06\/20170610_162026-768x1024.jpg 768w, https:\/\/hausen-aulatal.de\/wp-content\/uploads\/2017\/06\/20170610_162026-225x300.jpg 225w, https:\/\/hausen-aulatal.de\/wp-content\/uploads\/2017\/06\/20170610_162026.jpg 1512w\" sizes=\"(max-width: 720px) 100vw, 720px\" \/><\/a><\/p>\n<p style=\"text-align: center;\">Angekommen<a href=\"https:\/\/hausen-aulatal.de\/wp-content\/uploads\/2017\/06\/20170610_165442.jpg\"><img loading=\"lazy\" decoding=\"async\" class=\"aligncenter size-large wp-image-7650\" alt=\"20170610_165442\" src=\"https:\/\/hausen-aulatal.de\/wp-content\/uploads\/2017\/06\/20170610_165442-1024x768.jpg\" width=\"720\" height=\"540\" srcset=\"https:\/\/hausen-aulatal.de\/wp-content\/uploads\/2017\/06\/20170610_165442-1024x768.jpg 1024w, https:\/\/hausen-aulatal.de\/wp-content\/uploads\/2017\/06\/20170610_165442-300x225.jpg 300w, https:\/\/hausen-aulatal.de\/wp-content\/uploads\/2017\/06\/20170610_165442.jpg 2016w\" sizes=\"(max-width: 720px) 100vw, 720px\" \/><\/a><\/p>\n<p style=\"text-align: center;\">Sonnenterasse<a href=\"https:\/\/hausen-aulatal.de\/wp-content\/uploads\/2017\/06\/20170610_172900_001.jpg\"><img loading=\"lazy\" decoding=\"async\" class=\"aligncenter size-large wp-image-7651\" alt=\"20170610_172900_001\" src=\"https:\/\/hausen-aulatal.de\/wp-content\/uploads\/2017\/06\/20170610_172900_001-1024x768.jpg\" width=\"720\" height=\"540\" srcset=\"https:\/\/hausen-aulatal.de\/wp-content\/uploads\/2017\/06\/20170610_172900_001-1024x768.jpg 1024w, https:\/\/hausen-aulatal.de\/wp-content\/uploads\/2017\/06\/20170610_172900_001-300x225.jpg 300w, https:\/\/hausen-aulatal.de\/wp-content\/uploads\/2017\/06\/20170610_172900_001.jpg 2016w\" sizes=\"(max-width: 720px) 100vw, 720px\" \/><\/a> <a href=\"https:\/\/hausen-aulatal.de\/wp-content\/uploads\/2017\/06\/20170610_173004.jpg\"><img loading=\"lazy\" decoding=\"async\" class=\"aligncenter size-large wp-image-7652\" alt=\"20170610_173004\" src=\"https:\/\/hausen-aulatal.de\/wp-content\/uploads\/2017\/06\/20170610_173004-1024x768.jpg\" width=\"720\" height=\"540\" srcset=\"https:\/\/hausen-aulatal.de\/wp-content\/uploads\/2017\/06\/20170610_173004-1024x768.jpg 1024w, https:\/\/hausen-aulatal.de\/wp-content\/uploads\/2017\/06\/20170610_173004-300x225.jpg 300w, https:\/\/hausen-aulatal.de\/wp-content\/uploads\/2017\/06\/20170610_173004.jpg 2016w\" sizes=\"(max-width: 720px) 100vw, 720px\" \/><\/a><\/p>\n<p style=\"text-align: center;\">Rollerbogen<a href=\"https:\/\/hausen-aulatal.de\/wp-content\/uploads\/2017\/06\/20170610_183500.jpg\"><img loading=\"lazy\" decoding=\"async\" class=\"aligncenter size-large wp-image-7653\" alt=\"20170610_183500\" src=\"https:\/\/hausen-aulatal.de\/wp-content\/uploads\/2017\/06\/20170610_183500-1024x768.jpg\" width=\"720\" height=\"540\" srcset=\"https:\/\/hausen-aulatal.de\/wp-content\/uploads\/2017\/06\/20170610_183500-1024x768.jpg 1024w, https:\/\/hausen-aulatal.de\/wp-content\/uploads\/2017\/06\/20170610_183500-300x225.jpg 300w, https:\/\/hausen-aulatal.de\/wp-content\/uploads\/2017\/06\/20170610_183500.jpg 2016w\" sizes=\"(max-width: 720px) 100vw, 720px\" \/><\/a><\/p>\n<p style=\"text-align: center;\"><a href=\"https:\/\/hausen-aulatal.de\/wp-content\/uploads\/2017\/06\/20170610_192813.jpg\"><img loading=\"lazy\" decoding=\"async\" class=\"aligncenter size-large wp-image-7654\" alt=\"20170610_192813\" src=\"https:\/\/hausen-aulatal.de\/wp-content\/uploads\/2017\/06\/20170610_192813-1024x768.jpg\" width=\"720\" height=\"540\" srcset=\"https:\/\/hausen-aulatal.de\/wp-content\/uploads\/2017\/06\/20170610_192813-1024x768.jpg 1024w, https:\/\/hausen-aulatal.de\/wp-content\/uploads\/2017\/06\/20170610_192813-300x225.jpg 300w, https:\/\/hausen-aulatal.de\/wp-content\/uploads\/2017\/06\/20170610_192813.jpg 2016w\" sizes=\"(max-width: 720px) 100vw, 720px\" \/><\/a><\/p>\n<p style=\"text-align: center;\"><a href=\"https:\/\/hausen-aulatal.de\/wp-content\/uploads\/2017\/06\/Gruppenbild.jpg\">Gruppenfoto mit Hotelchef Armin<img loading=\"lazy\" decoding=\"async\" class=\"aligncenter\" alt=\"Gruppenbild\" src=\"https:\/\/hausen-aulatal.de\/wp-content\/uploads\/2017\/06\/Gruppenbild-1024x662.jpg\" width=\"720\" height=\"465\" \/><\/a><\/p>\n<p><a href=\"https:\/\/hausen-aulatal.de\/wp-content\/uploads\/2017\/06\/20170611_110404.jpg\"><img loading=\"lazy\" decoding=\"async\" class=\"aligncenter size-large wp-image-7655\" alt=\"20170611_110404\" src=\"https:\/\/hausen-aulatal.de\/wp-content\/uploads\/2017\/06\/20170611_110404-1024x768.jpg\" width=\"720\" height=\"540\" srcset=\"https:\/\/hausen-aulatal.de\/wp-content\/uploads\/2017\/06\/20170611_110404-1024x768.jpg 1024w, https:\/\/hausen-aulatal.de\/wp-content\/uploads\/2017\/06\/20170611_110404-300x225.jpg 300w, https:\/\/hausen-aulatal.de\/wp-content\/uploads\/2017\/06\/20170611_110404.jpg 2016w\" sizes=\"(max-width: 720px) 100vw, 720px\" \/><\/a><\/p>\n<p style=\"text-align: center;\">Rast in Dermbach<\/p>\n<p><a href=\"https:\/\/hausen-aulatal.de\/wp-content\/uploads\/2017\/06\/20170611_120723.jpg\"><img loading=\"lazy\" decoding=\"async\" class=\"aligncenter size-large wp-image-7664\" alt=\"20170611_120723\" src=\"https:\/\/hausen-aulatal.de\/wp-content\/uploads\/2017\/06\/20170611_120723-1024x768.jpg\" width=\"720\" height=\"540\" srcset=\"https:\/\/hausen-aulatal.de\/wp-content\/uploads\/2017\/06\/20170611_120723-1024x768.jpg 1024w, https:\/\/hausen-aulatal.de\/wp-content\/uploads\/2017\/06\/20170611_120723-300x225.jpg 300w, https:\/\/hausen-aulatal.de\/wp-content\/uploads\/2017\/06\/20170611_120723.jpg 2016w\" sizes=\"(max-width: 720px) 100vw, 720px\" \/><\/a> <a href=\"https:\/\/hausen-aulatal.de\/wp-content\/uploads\/2017\/06\/20170611_120853.jpg\"><img loading=\"lazy\" decoding=\"async\" class=\"aligncenter size-large wp-image-7665\" alt=\"20170611_120853\" src=\"https:\/\/hausen-aulatal.de\/wp-content\/uploads\/2017\/06\/20170611_120853-753x1024.jpg\" width=\"720\" height=\"979\" srcset=\"https:\/\/hausen-aulatal.de\/wp-content\/uploads\/2017\/06\/20170611_120853-753x1024.jpg 753w, https:\/\/hausen-aulatal.de\/wp-content\/uploads\/2017\/06\/20170611_120853-220x300.jpg 220w, https:\/\/hausen-aulatal.de\/wp-content\/uploads\/2017\/06\/20170611_120853.jpg 935w\" sizes=\"(max-width: 720px) 100vw, 720px\" \/><\/a><a href=\"https:\/\/hausen-aulatal.de\/wp-content\/uploads\/2017\/06\/20170611_130905.jpg\"><img loading=\"lazy\" decoding=\"async\" class=\"aligncenter size-large wp-image-7656\" alt=\"20170611_130905\" src=\"https:\/\/hausen-aulatal.de\/wp-content\/uploads\/2017\/06\/20170611_130905-1024x946.jpg\" width=\"720\" height=\"665\" srcset=\"https:\/\/hausen-aulatal.de\/wp-content\/uploads\/2017\/06\/20170611_130905-1024x946.jpg 1024w, https:\/\/hausen-aulatal.de\/wp-content\/uploads\/2017\/06\/20170611_130905-300x277.jpg 300w, https:\/\/hausen-aulatal.de\/wp-content\/uploads\/2017\/06\/20170611_130905.jpg 1500w\" sizes=\"(max-width: 720px) 100vw, 720px\" \/><\/a> <a href=\"https:\/\/hausen-aulatal.de\/wp-content\/uploads\/2017\/06\/20170611_131013.jpg\"><img loading=\"lazy\" decoding=\"async\" class=\"aligncenter size-large wp-image-7657\" alt=\"20170611_131013\" src=\"https:\/\/hausen-aulatal.de\/wp-content\/uploads\/2017\/06\/20170611_131013-1024x768.jpg\" width=\"720\" height=\"540\" srcset=\"https:\/\/hausen-aulatal.de\/wp-content\/uploads\/2017\/06\/20170611_131013-1024x768.jpg 1024w, https:\/\/hausen-aulatal.de\/wp-content\/uploads\/2017\/06\/20170611_131013-300x225.jpg 300w, https:\/\/hausen-aulatal.de\/wp-content\/uploads\/2017\/06\/20170611_131013.jpg 2016w\" sizes=\"(max-width: 720px) 100vw, 720px\" \/><\/a> <a href=\"https:\/\/hausen-aulatal.de\/wp-content\/uploads\/2017\/06\/20170611_131215.jpg\"><img loading=\"lazy\" decoding=\"async\" class=\"aligncenter size-large wp-image-7658\" alt=\"20170611_131215\" src=\"https:\/\/hausen-aulatal.de\/wp-content\/uploads\/2017\/06\/20170611_131215-1024x768.jpg\" width=\"720\" height=\"540\" srcset=\"https:\/\/hausen-aulatal.de\/wp-content\/uploads\/2017\/06\/20170611_131215-1024x768.jpg 1024w, https:\/\/hausen-aulatal.de\/wp-content\/uploads\/2017\/06\/20170611_131215-300x225.jpg 300w, https:\/\/hausen-aulatal.de\/wp-content\/uploads\/2017\/06\/20170611_131215.jpg 2016w\" sizes=\"(max-width: 720px) 100vw, 720px\" \/><\/a> <a href=\"https:\/\/hausen-aulatal.de\/wp-content\/uploads\/2017\/06\/20170611_131249.jpg\"><img loading=\"lazy\" decoding=\"async\" class=\"aligncenter size-large wp-image-7659\" alt=\"20170611_131249\" src=\"https:\/\/hausen-aulatal.de\/wp-content\/uploads\/2017\/06\/20170611_131249-1024x768.jpg\" width=\"720\" height=\"540\" srcset=\"https:\/\/hausen-aulatal.de\/wp-content\/uploads\/2017\/06\/20170611_131249-1024x768.jpg 1024w, https:\/\/hausen-aulatal.de\/wp-content\/uploads\/2017\/06\/20170611_131249-300x225.jpg 300w, https:\/\/hausen-aulatal.de\/wp-content\/uploads\/2017\/06\/20170611_131249.jpg 2016w\" sizes=\"(max-width: 720px) 100vw, 720px\" \/><\/a><\/p>\n<p style=\"text-align: center;\"><a href=\"https:\/\/hausen-aulatal.de\/wp-content\/uploads\/2017\/06\/20170611_150432.jpg\">Abschlu\u00df in Friedigerode<img loading=\"lazy\" decoding=\"async\" class=\"aligncenter\" alt=\"20170611_150432\" src=\"https:\/\/hausen-aulatal.de\/wp-content\/uploads\/2017\/06\/20170611_150432-1024x768.jpg\" width=\"720\" height=\"540\" \/><\/a><\/p>\n<p>&nbsp;<\/p>\n","protected":false},"excerpt":{"rendered":"<p>Nach 2014 haben wieder 10 Mann eine Reise nach Brotterode angetreten. Es wurde auf zwei und drei R\u00e4dern, mit Roller und Motorrad \u00fcber Landstra\u00dfe mit vielen Zwishstopps gefahren. Am 10.06.2017 [&hellip;]<\/p>\n","protected":false},"author":2,"featured_media":0,"parent":33,"menu_order":0,"comment_status":"open","ping_status":"closed","template":"","meta":{"_price":"","_stock":"","_tribe_ticket_header":"","_tribe_default_ticket_provider":"","_tribe_ticket_capacity":"0","_ticket_start_date":"","_ticket_end_date":"","_tribe_ticket_show_description":"","_tribe_ticket_show_not_going":false,"_tribe_ticket_use_global_stock":"","_tribe_ticket_global_stock_level":"","_global_stock_mode":"","_global_stock_cap":"","_tribe_rsvp_for_event":"","_tribe_ticket_going_count":"","_tribe_ticket_not_going_count":"","_tribe_tickets_list":"[]","_tribe_ticket_has_attendee_info_fields":false,"footnotes":"","_tec_slr_enabled":"","_tec_slr_layout":""},"ticketed":false,"_links":{"self":[{"href":"https:\/\/hausen-aulatal.de\/index.php?rest_route=\/wp\/v2\/pages\/7632"}],"collection":[{"href":"https:\/\/hausen-aulatal.de\/index.php?rest_route=\/wp\/v2\/pages"}],"about":[{"href":"https:\/\/hausen-aulatal.de\/index.php?rest_route=\/wp\/v2\/types\/page"}],"author":[{"embeddable":true,"href":"https:\/\/hausen-aulatal.de\/index.php?rest_route=\/wp\/v2\/users\/2"}],"replies":[{"embeddable":true,"href":"https:\/\/hausen-aulatal.de\/index.php?rest_route=%2Fwp%2Fv2%2Fcomments&post=7632"}],"version-history":[{"count":5,"href":"https:\/\/hausen-aulatal.de\/index.php?rest_route=\/wp\/v2\/pages\/7632\/revisions"}],"predecessor-version":[{"id":10025,"href":"https:\/\/hausen-aulatal.de\/index.php?rest_route=\/wp\/v2\/pages\/7632\/revisions\/10025"}],"up":[{"embeddable":true,"href":"https:\/\/hausen-aulatal.de\/index.php?rest_route=\/wp\/v2\/pages\/33"}],"wp:attachment":[{"href":"https:\/\/hausen-aulatal.de\/index.php?rest_route=%2Fwp%2Fv2%2Fmedia&parent=7632"}],"curies":[{"name":"wp","href":"https:\/\/api.w.org\/{rel}","templated":true}]}}