{"id":7678,"date":"2017-06-15T13:49:50","date_gmt":"2017-06-15T11:49:50","guid":{"rendered":"http:\/\/hausen-aulatal.de\/?page_id=7678"},"modified":"2021-09-25T09:37:36","modified_gmt":"2021-09-25T07:37:36","slug":"haeuser-und-wohnungen-in-hausen","status":"publish","type":"page","link":"https:\/\/hausen-aulatal.de\/?page_id=7678","title":{"rendered":"H\u00e4user und Wohnungen in Hausen"},"content":{"rendered":"<h1>Angaben zur Gemeinde Oberaula<\/h1>\n<table width=\"270\">\n<tbody>\n<tr>\n<td>Regierungsbezirk<\/td>\n<td title=\"\" data-original-title=\"\" data-toggle=\"tooltip\" data-trigger=\"click\" data-container=\"body\" data-placement=\"top\">Kassel<\/td>\n<\/tr>\n<tr>\n<td>Landkreis<\/td>\n<td title=\"\" data-original-title=\"\" data-toggle=\"tooltip\" data-trigger=\"click\" data-container=\"body\" data-placement=\"top\">Schwalm-Eder-Kreis<\/td>\n<\/tr>\n<tr>\n<td>Postleitzahl(en)<\/td>\n<td title=\"\" data-original-title=\"36280\" data-toggle=\"tooltip\" data-trigger=\"click\" data-container=\"body\" data-placement=\"top\">36280<\/td>\n<\/tr>\n<tr>\n<td>Vorwahl(en)<\/td>\n<td title=\"\" data-original-title=\"\" data-toggle=\"tooltip\" data-trigger=\"click\" data-container=\"body\" data-placement=\"top\">06628<\/td>\n<\/tr>\n<tr>\n<td>Einwohner<\/td>\n<td title=\"\" data-original-title=\"\" data-toggle=\"tooltip\" data-trigger=\"click\" data-container=\"body\" data-placement=\"top\">3.169<\/td>\n<\/tr>\n<tr>\n<td>Fl\u00e4che<\/td>\n<td title=\"\" data-original-title=\"\" data-toggle=\"tooltip\" data-trigger=\"click\" data-container=\"body\" data-placement=\"top\">43,95 km\u00b2<\/td>\n<\/tr>\n<tr>\n<td>Bev\u00f6lkerungsdichte<\/td>\n<td title=\"\" data-original-title=\"\" data-toggle=\"tooltip\" data-trigger=\"click\" data-container=\"body\" data-placement=\"top\">72 Ew.\/km\u00b2<\/td>\n<\/tr>\n<tr>\n<td>B\u00fcrgermeister<\/td>\n<td title=\"\" data-original-title=\"\" data-toggle=\"tooltip\" data-trigger=\"click\" data-container=\"body\" data-placement=\"top\">Klaus Wagner (CDU)<\/td>\n<\/tr>\n<tr>\n<td>Sitz der Verwaltung<\/td>\n<td title=\"\" data-original-title=\"\" data-toggle=\"tooltip\" data-trigger=\"click\" data-container=\"body\" data-placement=\"top\">Hersfelder Stra\u00dfe 4<br \/>\n36280 Oberaula<\/td>\n<\/tr>\n<\/tbody>\n<\/table>\n<p>&nbsp;<\/p>\n<p>Angaben zum Ort Hausen<\/p>\n<p>Hausen ist von Oberaula 1 km entfernt wo eine gute Infrastruktur vorhanden ist. Einkaufen, \u00c4rzte, Apotheke, Schule, Kindergarten (im Ort).<\/p>\n<h2>Lagebeschreibung<\/h2>\n<p>Hausen liegt verkehrsg\u00fcnstig am Ortseingang von Oberaula Hausen an der B454. 10km zur A5\/7, 22km Bad Hersfeld, 60km Kassel, 110 km Frankfurt\/Main<br \/>\nGrundst\u00fcck in S\u00fcdhanglage, Wandern vom Haus aus, viele Freizeitm\u00f6glichkeiten wie, Schwimmen, Reiten, Radfahren, Golfen, Tennis im Ort vorhanden.<\/p>\n<p>&nbsp;<\/p>\n<p><span style=\"text-decoration: underline;\"><strong>Aktuell:<\/strong><\/span><strong> Es gibt in Hausen freie Baupl\u00e4tze, die von Ihren Besitzern verkauft werden m\u00f6chten. Bei Interesse bitte an die Gemeindeverwaltung Oberaula 06628\/9208-0 wenden.<\/strong><\/p>\n<p>In 2018 wurde Hausen and das &#8222;schnelle&#8220; Internet angebunden, woduch auch das Arbeiten am PC im Dorf (beser\/schneller) m\u00f6glich ist.<\/p>\n<p>&nbsp;<\/p>\n<p>Erfreulicherweise haben im Sommer\/Herbst 2017 f\u00fcnf H\u00e4user einen neuen Besitzer gefunden.<\/p>\n<p><span style=\"color: #ff0000;\"><strong>H\u00e4user zu verkaufen<\/strong><\/span><\/p>\n<p>&nbsp;<\/p>\n<p>&nbsp;<\/p>\n<p>&nbsp;<\/p>\n<p>&nbsp;<\/p>\n<p>&nbsp;<\/p>\n<p>&nbsp;<\/p>\n<p>&nbsp;<\/p>\n<p>&nbsp;<\/p>\n<p>&nbsp;<\/p>\n<p>&nbsp;<\/p>\n<p>&nbsp;<\/p>\n<p>&nbsp;<\/p>\n<p>&nbsp;<\/p>\n<p>&nbsp;<\/p>\n<p>&nbsp;<\/p>\n<p>&nbsp;<\/p>\n<p>&nbsp;<\/p>\n<p>&nbsp;<\/p>\n<p>&nbsp;<\/p>\n<p><strong>3 Zimmer Wohnung in Hausen,<\/strong><\/p>\n<h1><span style=\"color: #ff0000;\"><strong>Wohnungen ist Vermietet!<\/strong><\/span><\/h1>\n<h1><strong>&nbsp;<\/strong><\/h1>\n<p><span style=\"color: #ff0000;\"><strong>H\u00e4user zu vermieten<\/strong><\/span><\/p>\n<table width=\"524\">\n<tbody>\n<tr>\n<td>&nbsp;<\/td>\n<td title=\"\" data-original-title=\"\" data-toggle=\"tooltip\" data-trigger=\"click\" data-container=\"body\" data-placement=\"top\">&nbsp;<\/td>\n<\/tr>\n<tr>\n<td>&nbsp;<\/td>\n<td title=\"\" data-original-title=\"\" data-toggle=\"tooltip\" data-trigger=\"click\" data-container=\"body\" data-placement=\"top\">&nbsp;<\/td>\n<\/tr>\n<tr>\n<td>&nbsp;<\/td>\n<td title=\"\" data-original-title=\"36280\" data-toggle=\"tooltip\" data-trigger=\"click\" data-container=\"body\" data-placement=\"top\">&nbsp;<\/td>\n<\/tr>\n<tr>\n<td>&nbsp;<\/td>\n<td title=\"\" data-original-title=\"\" data-toggle=\"tooltip\" data-trigger=\"click\" data-container=\"body\" data-placement=\"top\">&nbsp;<\/td>\n<\/tr>\n<tr>\n<td>&nbsp;<\/td>\n<td title=\"\" data-original-title=\"\" data-toggle=\"tooltip\" data-trigger=\"click\" data-container=\"body\" data-placement=\"top\">&nbsp;<\/td>\n<\/tr>\n<tr>\n<td>&nbsp;<\/td>\n<td title=\"\" data-original-title=\"\" data-toggle=\"tooltip\" data-trigger=\"click\" data-container=\"body\" data-placement=\"top\">&nbsp;<\/td>\n<\/tr>\n<tr>\n<td>&nbsp;<\/td>\n<td title=\"\" data-original-title=\"\" data-toggle=\"tooltip\" data-trigger=\"click\" data-container=\"body\" data-placement=\"top\">&nbsp;<\/td>\n<\/tr>\n<tr>\n<td>&nbsp;<\/td>\n<td title=\"\" data-original-title=\"\" data-toggle=\"tooltip\" data-trigger=\"click\" data-container=\"body\" data-placement=\"top\">&nbsp;<\/td>\n<\/tr>\n<tr>\n<td>&nbsp;<\/td>\n<td title=\"\" data-original-title=\"\" data-toggle=\"tooltip\" data-trigger=\"click\" data-container=\"body\" data-placement=\"top\">&nbsp;<\/td>\n<\/tr>\n<\/tbody>\n<\/table>\n","protected":false},"excerpt":{"rendered":"<p>Angaben zur Gemeinde Oberaula Regierungsbezirk Kassel Landkreis Schwalm-Eder-Kreis Postleitzahl(en) 36280 Vorwahl(en) 06628 Einwohner 3.169 Fl\u00e4che 43,95 km\u00b2 Bev\u00f6lkerungsdichte 72 Ew.\/km\u00b2 B\u00fcrgermeister Klaus Wagner (CDU) Sitz der Verwaltung Hersfelder Stra\u00dfe 4 [&hellip;]<\/p>\n","protected":false},"author":2,"featured_media":0,"parent":0,"menu_order":0,"comment_status":"open","ping_status":"closed","template":"","meta":{"_price":"","_stock":"","_tribe_ticket_header":"","_tribe_default_ticket_provider":"","_tribe_ticket_capacity":"0","_ticket_start_date":"","_ticket_end_date":"","_tribe_ticket_show_description":"","_tribe_ticket_show_not_going":false,"_tribe_ticket_use_global_stock":"","_tribe_ticket_global_stock_level":"","_global_stock_mode":"","_global_stock_cap":"","_tribe_rsvp_for_event":"","_tribe_ticket_going_count":"","_tribe_ticket_not_going_count":"","_tribe_tickets_list":"[]","_tribe_ticket_has_attendee_info_fields":false,"footnotes":"","_tec_slr_enabled":"","_tec_slr_layout":""},"ticketed":false,"_links":{"self":[{"href":"https:\/\/hausen-aulatal.de\/index.php?rest_route=\/wp\/v2\/pages\/7678"}],"collection":[{"href":"https:\/\/hausen-aulatal.de\/index.php?rest_route=\/wp\/v2\/pages"}],"about":[{"href":"https:\/\/hausen-aulatal.de\/index.php?rest_route=\/wp\/v2\/types\/page"}],"author":[{"embeddable":true,"href":"https:\/\/hausen-aulatal.de\/index.php?rest_route=\/wp\/v2\/users\/2"}],"replies":[{"embeddable":true,"href":"https:\/\/hausen-aulatal.de\/index.php?rest_route=%2Fwp%2Fv2%2Fcomments&post=7678"}],"version-history":[{"count":33,"href":"https:\/\/hausen-aulatal.de\/index.php?rest_route=\/wp\/v2\/pages\/7678\/revisions"}],"predecessor-version":[{"id":10651,"href":"https:\/\/hausen-aulatal.de\/index.php?rest_route=\/wp\/v2\/pages\/7678\/revisions\/10651"}],"wp:attachment":[{"href":"https:\/\/hausen-aulatal.de\/index.php?rest_route=%2Fwp%2Fv2%2Fmedia&parent=7678"}],"curies":[{"name":"wp","href":"https:\/\/api.w.org\/{rel}","templated":true}]}}